{"id":3330,"date":"2022-10-24T16:58:36","date_gmt":"2022-10-24T14:58:36","guid":{"rendered":"https:\/\/bora.partners\/politika-zasebnosti\/"},"modified":"2022-11-10T08:55:22","modified_gmt":"2022-11-10T07:55:22","slug":"politika-zasebnosti","status":"publish","type":"page","link":"https:\/\/bora.partners\/sl\/politika-zasebnosti\/","title":{"rendered":"Politika zasebnosti"},"content":{"rendered":"\t\t<div data-elementor-type=\"wp-page\" data-elementor-id=\"3330\" class=\"elementor elementor-3330 elementor-63\">\n\t\t\t\t\t\t\t\t\t<section class=\"elementor-section elementor-top-section elementor-element elementor-element-57a90d5 elementor-section-full_width elementor-section-height-min-height elementor-section-stretched elementor-section-height-default elementor-section-items-middle\" data-id=\"57a90d5\" data-element_type=\"section\" data-settings=\"{&quot;stretch_section&quot;:&quot;section-stretched&quot;,&quot;background_background&quot;:&quot;slideshow&quot;,&quot;background_slideshow_gallery&quot;:[{&quot;id&quot;:1102,&quot;url&quot;:&quot;https:\\\/\\\/bora.partners\\\/wp-content\\\/uploads\\\/2022\\\/10\\\/single-service-2.jpg&quot;}],&quot;background_slideshow_loop&quot;:&quot;yes&quot;,&quot;background_slideshow_slide_duration&quot;:5000,&quot;background_slideshow_slide_transition&quot;:&quot;fade&quot;,&quot;background_slideshow_transition_duration&quot;:500}\">\n\t\t\t\t\t\t<div class=\"elementor-container elementor-column-gap-default\">\n\t\t\t\t\t<div class=\"elementor-column elementor-col-100 elementor-top-column elementor-element elementor-element-22cbe19\" data-id=\"22cbe19\" data-element_type=\"column\">\n\t\t\t<div class=\"elementor-widget-wrap\">\n\t\t\t\t\t\t\t\t\t<\/div>\n\t\t<\/div>\n\t\t\t\t\t\t\t<\/div>\n\t\t<\/section>\n\t\t\t\t<section class=\"elementor-section elementor-top-section elementor-element elementor-element-30900d4 elementor-section-boxed elementor-section-height-default elementor-section-height-default\" data-id=\"30900d4\" data-element_type=\"section\">\n\t\t\t\t\t\t<div class=\"elementor-container elementor-column-gap-default\">\n\t\t\t\t\t<div class=\"elementor-column elementor-col-100 elementor-top-column elementor-element elementor-element-81c6620\" data-id=\"81c6620\" data-element_type=\"column\">\n\t\t\t<div class=\"elementor-widget-wrap elementor-element-populated\">\n\t\t\t\t\t\t\t\t<div class=\"elementor-element elementor-element-924f424 elementor-widget elementor-widget-heading\" data-id=\"924f424\" data-element_type=\"widget\" data-widget_type=\"heading.default\">\n\t\t\t\t<div class=\"elementor-widget-container\">\n\t\t\t<style>\/*! elementor - v3.11.2 - 22-02-2023 *\/\n.elementor-heading-title{padding:0;margin:0;line-height:1}.elementor-widget-heading .elementor-heading-title[class*=elementor-size-]>a{color:inherit;font-size:inherit;line-height:inherit}.elementor-widget-heading .elementor-heading-title.elementor-size-small{font-size:15px}.elementor-widget-heading .elementor-heading-title.elementor-size-medium{font-size:19px}.elementor-widget-heading .elementor-heading-title.elementor-size-large{font-size:29px}.elementor-widget-heading .elementor-heading-title.elementor-size-xl{font-size:39px}.elementor-widget-heading .elementor-heading-title.elementor-size-xxl{font-size:59px}<\/style><h2 class=\"elementor-heading-title elementor-size-default\">Politika zasebnosti<\/h2>\t\t<\/div>\n\t\t\t\t<\/div>\n\t\t\t\t\t<\/div>\n\t\t<\/div>\n\t\t\t\t\t\t\t<\/div>\n\t\t<\/section>\n\t\t\t\t<section class=\"elementor-section elementor-top-section elementor-element elementor-element-50d2966 elementor-section-boxed elementor-section-height-default elementor-section-height-default\" data-id=\"50d2966\" data-element_type=\"section\">\n\t\t\t\t\t\t<div class=\"elementor-container elementor-column-gap-default\">\n\t\t\t\t\t<div class=\"elementor-column elementor-col-100 elementor-top-column elementor-element elementor-element-71a825a\" data-id=\"71a825a\" data-element_type=\"column\">\n\t\t\t<div class=\"elementor-widget-wrap elementor-element-populated\">\n\t\t\t\t\t\t\t\t<div class=\"elementor-element elementor-element-50d2f8e elementor-widget elementor-widget-text-editor\" data-id=\"50d2f8e\" data-element_type=\"widget\" data-widget_type=\"text-editor.default\">\n\t\t\t\t<div class=\"elementor-widget-container\">\n\t\t\t<style>\/*! elementor - v3.11.2 - 22-02-2023 *\/\n.elementor-widget-text-editor.elementor-drop-cap-view-stacked .elementor-drop-cap{background-color:#818a91;color:#fff}.elementor-widget-text-editor.elementor-drop-cap-view-framed .elementor-drop-cap{color:#818a91;border:3px solid;background-color:transparent}.elementor-widget-text-editor:not(.elementor-drop-cap-view-default) .elementor-drop-cap{margin-top:8px}.elementor-widget-text-editor:not(.elementor-drop-cap-view-default) .elementor-drop-cap-letter{width:1em;height:1em}.elementor-widget-text-editor .elementor-drop-cap{float:left;text-align:center;line-height:1;font-size:50px}.elementor-widget-text-editor .elementor-drop-cap-letter{display:inline-block}<\/style>\t\t\t\t<div class=\"elementor-element elementor-element-c80da2e elementor-widget elementor-widget-heading\" data-id=\"c80da2e\" data-element_type=\"widget\" data-widget_type=\"heading.default\">\n<div class=\"elementor-widget-container\">\n<div class=\"elementor-element elementor-element-c80da2e elementor-widget elementor-widget-heading\" data-id=\"c80da2e\" data-element_type=\"widget\" data-widget_type=\"heading.default\">\n<div class=\"elementor-widget-container\">\n<h3 class=\"elementor-heading-title elementor-size-default\">Zavezanost zaupanju<\/h3>\n<\/div>\n<\/div>\n<div class=\"elementor-element elementor-element-36b55be elementor-widget elementor-widget-text-editor\" data-id=\"36b55be\" data-element_type=\"widget\" data-widget_type=\"text-editor.default\">\n<div class=\"elementor-widget-container\">\n<p>V podjetju nam je izjemno pomembno skrbno ravnanje z ob\u010dutljivimi informacijami vseh na\u0161ih strank in partnerjev ter drugih, s katerimi sodelujemo. To odra\u017eajo tudi na\u0161e vrednote, saj nam je po pomembnosti na prvem mestu integriteta in zaupanje.<\/p>\n<\/div>\n<\/div>\n<div class=\"elementor-element elementor-element-acc454b elementor-widget elementor-widget-heading\" data-id=\"acc454b\" data-element_type=\"widget\" data-widget_type=\"heading.default\">\n<div class=\"elementor-widget-container\">\n<h3 class=\"elementor-heading-title elementor-size-default\">Anonimnost in reference<\/h3>\n<\/div>\n<\/div>\n<div class=\"elementor-element elementor-element-4da75fa elementor-widget elementor-widget-text-editor\" data-id=\"4da75fa\" data-element_type=\"widget\" data-widget_type=\"text-editor.default\">\n<div class=\"elementor-widget-container\">\n<p>Vse na\u0161e stranke so strogo anonimne, prav tako kot vse prejete informacije, izvedene storitve ter celotna vsebina sestankov. Anonimnost je zagotovljena, ne glede na podro\u010dje in obseg storitev ter fazo rasti podjetja. Glede na to, da smo ponosni na svojestranke ter delujemo po na\u010delu dolgoro\u010dnega sodelovanja,<br \/>na\u0161e stranke z veseljem objavimo med referencami \u2013 vendar zgolj po predhodnem dovoljenju in soglasju.<\/p>\n<\/div>\n<\/div>\n<div class=\"elementor-element elementor-element-c0a0067 elementor-widget elementor-widget-heading\" data-id=\"c0a0067\" data-element_type=\"widget\" data-widget_type=\"heading.default\">\n<div class=\"elementor-widget-container\">\n<h3 class=\"elementor-heading-title elementor-size-default\">Zbiranje informacij in baza podatkov<\/h3>\n<\/div>\n<\/div>\n<div class=\"elementor-element elementor-element-20737ed elementor-widget elementor-widget-text-editor\" data-id=\"20737ed\" data-element_type=\"widget\" data-widget_type=\"text-editor.default\">\n<div class=\"elementor-widget-container\">\n<p>Informacije o svojih strankah zbiramo pospletnih obrazcih za povpra\u0161evanja, e-mese\u010dnika in alarma za razpise ter drugih kanalih. To omogo\u010da, da prostovoljno stopite v stik z nami ter prejmete ponudbo, ki je pisana glede na va\u0161e potrebe.<br \/>Ob sprejetju ponudbe in podpisu pogodbe zberemo dogovorjene informacije, na podlagi katerih lahko kakovostno izvedemo poslovne storitve. Vse prejete informacije, dokumenti in vsebina sestankov se strogo obravnavajo kot zaupne informacije.<br \/>Z informacijami in bazo podatkov ravnamo v skladu s predpisi in zakoni.<\/p>\n<\/div>\n<\/div>\n<div class=\"elementor-element elementor-element-a2da26d elementor-widget elementor-widget-heading\" data-id=\"a2da26d\" data-element_type=\"widget\" data-widget_type=\"heading.default\">\n<div class=\"elementor-widget-container\">\n<h3 class=\"elementor-heading-title elementor-size-default\">Uporaba informacij<\/h3>\n<\/div>\n<\/div>\n<div class=\"elementor-element elementor-element-d997170 elementor-widget elementor-widget-text-editor\" data-id=\"d997170\" data-element_type=\"widget\" data-widget_type=\"text-editor.default\">\n<div class=\"elementor-widget-container\">\n<p>Z zbranimi informacijami ravnamo v skladu s tem, da izvedemo storitev na najvi\u0161ji mo\u017eniravni. To pomeni, da informacije prejme strokovnjak, ki je najbolj usposobljen za izvedbo storitve.<br \/>V nekaterih primerih so to zaposleni v podjetju, v drugih primerih pogodbeni sodelavci ali partnerji. Vsi, ki imajo dostop do informacij, imajo z na\u0161im podjetjem podpisan Sporazum o varovanju poslovnih skrivnosti, prav tako pa sodelujemo zgolj s strokovnjaki, ki delijo enake vrednote kot mi (zaupanje na prvem mestu).<br \/>Va\u0161ih osebnih podatkov, informacij in dokumentov nikoli ne prepo\u0161iljamonobeni tretji osebi.<\/p>\n<\/div>\n<\/div>\n<div class=\"elementor-element elementor-element-a547631 elementor-widget elementor-widget-heading\" data-id=\"a547631\" data-element_type=\"widget\" data-widget_type=\"heading.default\">\n<div class=\"elementor-widget-container\">\n<h3 class=\"elementor-heading-title elementor-size-default\">Varovanje informacij<\/h3>\n<\/div>\n<\/div>\n<div class=\"elementor-element elementor-element-4835403 elementor-widget elementor-widget-text-editor\" data-id=\"4835403\" data-element_type=\"widget\" data-widget_type=\"text-editor.default\">\n<div class=\"elementor-widget-container\">\n<p>Na vseh ravneh podjetja smo strogo zavezani k zagotavljanju varovanja informacij. Naj omenimo nekaj tak\u0161nih ukrepov:<\/p>\n<ul>\n<li>pred vzpostavitvijo poslovnega odnosa se o zaupnosti informacij pogovorimo z vsako stranko ter tudi zapi\u0161emo in upo\u0161tevamo \u017eelje strank;<\/li>\n<li>vsi na\u0161i zaposleni, pogodbeni sodelavci in partnerji, imajo podpisan strog Sporazum o varovanju poslovnih podatkov;<\/li>\n<li>uporabljamo najsodobnej\u0161o programsko in strojno opremo, ki zagotavlja najvi\u0161jo stopnjo varnosti.<\/li>\n<\/ul>\n<\/div>\n<\/div>\n<div class=\"elementor-element elementor-element-14dc915 elementor-widget elementor-widget-heading\" data-id=\"14dc915\" data-element_type=\"widget\" data-widget_type=\"heading.default\">\n<div class=\"elementor-widget-container\">\n<h3 class=\"elementor-heading-title elementor-size-default\">Sporazum o varovanju poslovnih skrivnosti<\/h3>\n<\/div>\n<\/div>\n<div class=\"elementor-element elementor-element-e6a92db elementor-widget elementor-widget-text-editor\" data-id=\"e6a92db\" data-element_type=\"widget\" data-widget_type=\"text-editor.default\">\n<div class=\"elementor-widget-container\">\n<p>\u010ce stranka \u017eeli z nami podpisati Sporazum o varovanju poslovnih skrivnosti, dokument brez te\u017eav podpi\u0161emo. Za ta namen smo pripravili primer tak\u0161nega sporazuma.<br \/>\u010ce ima stranka svojo obliko dokumenta, za katerega \u017eeli, da ga podpi\u0161emo, nas mora o tem obvestiti prej in nam dokument pred ostalimi informacijami ali sre\u010danjem tudi poslati v predogled.<\/p>\n<\/div>\n<\/div>\n<div class=\"elementor-element elementor-element-5e229bc elementor-widget elementor-widget-heading\" data-id=\"5e229bc\" data-element_type=\"widget\" data-widget_type=\"heading.default\">\n<div class=\"elementor-widget-container\">\n<h3 class=\"elementor-heading-title elementor-size-default\">Sprememba ali izbris informacij<\/h3>\n<\/div>\n<\/div>\n<div class=\"elementor-element elementor-element-56f8020 elementor-widget elementor-widget-text-editor\" data-id=\"56f8020\" data-element_type=\"widget\" data-widget_type=\"text-editor.default\">\n<div class=\"elementor-widget-container\">\n<p>\u010ce \u017eelite sporo\u010diti spremembo informacij, ali da va\u0161 stikizbri\u0161emo iz baze e-mese\u010dnika, nas pokli\u010dite ali nam po\u0161ljite elektronsko sporo\u010dilo.<\/p>\n<\/div>\n<\/div>\n<div class=\"elementor-element elementor-element-d307e6c elementor-widget elementor-widget-heading\" data-id=\"d307e6c\" data-element_type=\"widget\" data-widget_type=\"heading.default\">\n<div class=\"elementor-widget-container\">\n<h3 class=\"elementor-heading-title elementor-size-default\">Kontakt<\/h3>\n<\/div>\n<\/div>\n<div class=\"elementor-element elementor-element-6024e38 elementor-widget elementor-widget-text-editor\" data-id=\"6024e38\" data-element_type=\"widget\" data-widget_type=\"text-editor.default\">\n<div class=\"elementor-widget-container\">\n<p>\u010ce imate kakr\u0161na koli vpra\u0161anja glede na\u0161e politike varovanja osebnih podatkov in informacij, nas vedno lahko pokli\u010dete.<\/p>\n<\/div>\n<\/div>\n<\/div>\n<\/div>\n\t\t\t\t\t\t<\/div>\n\t\t\t\t<\/div>\n\t\t\t\t\t<\/div>\n\t\t<\/div>\n\t\t\t\t\t\t\t<\/div>\n\t\t<\/section>\n\t\t\t\t\t\t\t<\/div>\n\t\t","protected":false},"excerpt":{"rendered":"<p>Politika zasebnosti Zavezanost zaupanju V podjetju nam je izjemno pomembno skrbno ravnanje z ob\u010dutljivimi informacijami vseh na\u0161ih strank in partnerjev ter drugih, s katerimi sodelujemo. To odra\u017eajo tudi na\u0161e vrednote, saj nam je po pomembnosti na prvem mestu integriteta in zaupanje. Anonimnost in reference Vse na\u0161e stranke so strogo anonimne, prav tako kot vse prejete [&hellip;]<\/p>\n","protected":false},"author":1,"featured_media":0,"parent":0,"menu_order":0,"comment_status":"closed","ping_status":"closed","template":"","meta":{"inline_featured_image":false,"footnotes":""},"class_list":["post-3330","page","type-page","status-publish","hentry"],"yoast_head":"<!-- This site is optimized with the Yoast SEO plugin v20.1 - https:\/\/yoast.com\/wordpress\/plugins\/seo\/ -->\n<title>Politika zasebnosti - Bora partners<\/title>\n<meta name=\"robots\" content=\"index, follow, max-snippet:-1, max-image-preview:large, max-video-preview:-1\" \/>\n<link rel=\"canonical\" href=\"https:\/\/bora.partners\/privacy-policy\/\" \/>\n<meta property=\"og:locale\" content=\"sl_SI\" \/>\n<meta property=\"og:type\" content=\"article\" \/>\n<meta property=\"og:title\" content=\"Politika zasebnosti - Bora partners\" \/>\n<meta property=\"og:description\" content=\"Politika zasebnosti Zavezanost zaupanju V podjetju nam je izjemno pomembno skrbno ravnanje z ob\u010dutljivimi informacijami vseh na\u0161ih strank in partnerjev ter drugih, s katerimi sodelujemo. To odra\u017eajo tudi na\u0161e vrednote, saj nam je po pomembnosti na prvem mestu integriteta in zaupanje. Anonimnost in reference Vse na\u0161e stranke so strogo anonimne, prav tako kot vse prejete [&hellip;]\" \/>\n<meta property=\"og:url\" content=\"https:\/\/bora.partners\/privacy-policy\/\" \/>\n<meta property=\"og:site_name\" content=\"Bora partners\" \/>\n<meta property=\"article:modified_time\" content=\"2022-11-10T07:55:22+00:00\" \/>\n<meta name=\"twitter:card\" content=\"summary_large_image\" \/>\n<meta name=\"twitter:label1\" content=\"Est. reading time\" \/>\n\t<meta name=\"twitter:data1\" content=\"2 minuti\" \/>\n<script type=\"application\/ld+json\" class=\"yoast-schema-graph\">{\"@context\":\"https:\/\/schema.org\",\"@graph\":[{\"@type\":\"WebPage\",\"@id\":\"https:\/\/bora.partners\/privacy-policy\/\",\"url\":\"https:\/\/bora.partners\/privacy-policy\/\",\"name\":\"Politika zasebnosti - Bora partners\",\"isPartOf\":{\"@id\":\"https:\/\/bora.partners\/#website\"},\"datePublished\":\"2022-10-24T14:58:36+00:00\",\"dateModified\":\"2022-11-10T07:55:22+00:00\",\"breadcrumb\":{\"@id\":\"https:\/\/bora.partners\/privacy-policy\/#breadcrumb\"},\"inLanguage\":\"sl-SI\",\"potentialAction\":[{\"@type\":\"ReadAction\",\"target\":[\"https:\/\/bora.partners\/privacy-policy\/\"]}]},{\"@type\":\"BreadcrumbList\",\"@id\":\"https:\/\/bora.partners\/privacy-policy\/#breadcrumb\",\"itemListElement\":[{\"@type\":\"ListItem\",\"position\":1,\"name\":\"Home\",\"item\":\"https:\/\/bora.partners\/sl\/\"},{\"@type\":\"ListItem\",\"position\":2,\"name\":\"Politika zasebnosti\"}]},{\"@type\":\"WebSite\",\"@id\":\"https:\/\/bora.partners\/#website\",\"url\":\"https:\/\/bora.partners\/\",\"name\":\"Bora partners\",\"description\":\"\u0160e eno spleti\u0161\u010de WordPress\",\"publisher\":{\"@id\":\"https:\/\/bora.partners\/#organization\"},\"potentialAction\":[{\"@type\":\"SearchAction\",\"target\":{\"@type\":\"EntryPoint\",\"urlTemplate\":\"https:\/\/bora.partners\/?s={search_term_string}\"},\"query-input\":\"required name=search_term_string\"}],\"inLanguage\":\"sl-SI\"},{\"@type\":\"Organization\",\"@id\":\"https:\/\/bora.partners\/#organization\",\"name\":\"Bora partners\",\"url\":\"https:\/\/bora.partners\/\",\"logo\":{\"@type\":\"ImageObject\",\"inLanguage\":\"sl-SI\",\"@id\":\"https:\/\/bora.partners\/#\/schema\/logo\/image\/\",\"url\":\"https:\/\/bora.partners\/wp-content\/uploads\/2022\/10\/BoraPartners_Preferred_Logo_Negative_RGB-1.png\",\"contentUrl\":\"https:\/\/bora.partners\/wp-content\/uploads\/2022\/10\/BoraPartners_Preferred_Logo_Negative_RGB-1.png\",\"width\":242,\"height\":73,\"caption\":\"Bora partners\"},\"image\":{\"@id\":\"https:\/\/bora.partners\/#\/schema\/logo\/image\/\"}}]}<\/script>\n<!-- \/ Yoast SEO plugin. -->","yoast_head_json":{"title":"Politika zasebnosti - Bora partners","robots":{"index":"index","follow":"follow","max-snippet":"max-snippet:-1","max-image-preview":"max-image-preview:large","max-video-preview":"max-video-preview:-1"},"canonical":"https:\/\/bora.partners\/privacy-policy\/","og_locale":"sl_SI","og_type":"article","og_title":"Politika zasebnosti - Bora partners","og_description":"Politika zasebnosti Zavezanost zaupanju V podjetju nam je izjemno pomembno skrbno ravnanje z ob\u010dutljivimi informacijami vseh na\u0161ih strank in partnerjev ter drugih, s katerimi sodelujemo. To odra\u017eajo tudi na\u0161e vrednote, saj nam je po pomembnosti na prvem mestu integriteta in zaupanje. Anonimnost in reference Vse na\u0161e stranke so strogo anonimne, prav tako kot vse prejete [&hellip;]","og_url":"https:\/\/bora.partners\/privacy-policy\/","og_site_name":"Bora partners","article_modified_time":"2022-11-10T07:55:22+00:00","twitter_card":"summary_large_image","twitter_misc":{"Est. reading time":"2 minuti"},"schema":{"@context":"https:\/\/schema.org","@graph":[{"@type":"WebPage","@id":"https:\/\/bora.partners\/privacy-policy\/","url":"https:\/\/bora.partners\/privacy-policy\/","name":"Politika zasebnosti - Bora partners","isPartOf":{"@id":"https:\/\/bora.partners\/#website"},"datePublished":"2022-10-24T14:58:36+00:00","dateModified":"2022-11-10T07:55:22+00:00","breadcrumb":{"@id":"https:\/\/bora.partners\/privacy-policy\/#breadcrumb"},"inLanguage":"sl-SI","potentialAction":[{"@type":"ReadAction","target":["https:\/\/bora.partners\/privacy-policy\/"]}]},{"@type":"BreadcrumbList","@id":"https:\/\/bora.partners\/privacy-policy\/#breadcrumb","itemListElement":[{"@type":"ListItem","position":1,"name":"Home","item":"https:\/\/bora.partners\/sl\/"},{"@type":"ListItem","position":2,"name":"Politika zasebnosti"}]},{"@type":"WebSite","@id":"https:\/\/bora.partners\/#website","url":"https:\/\/bora.partners\/","name":"Bora partners","description":"\u0160e eno spleti\u0161\u010de WordPress","publisher":{"@id":"https:\/\/bora.partners\/#organization"},"potentialAction":[{"@type":"SearchAction","target":{"@type":"EntryPoint","urlTemplate":"https:\/\/bora.partners\/?s={search_term_string}"},"query-input":"required name=search_term_string"}],"inLanguage":"sl-SI"},{"@type":"Organization","@id":"https:\/\/bora.partners\/#organization","name":"Bora partners","url":"https:\/\/bora.partners\/","logo":{"@type":"ImageObject","inLanguage":"sl-SI","@id":"https:\/\/bora.partners\/#\/schema\/logo\/image\/","url":"https:\/\/bora.partners\/wp-content\/uploads\/2022\/10\/BoraPartners_Preferred_Logo_Negative_RGB-1.png","contentUrl":"https:\/\/bora.partners\/wp-content\/uploads\/2022\/10\/BoraPartners_Preferred_Logo_Negative_RGB-1.png","width":242,"height":73,"caption":"Bora partners"},"image":{"@id":"https:\/\/bora.partners\/#\/schema\/logo\/image\/"}}]}},"_links":{"self":[{"href":"https:\/\/bora.partners\/sl\/wp-json\/wp\/v2\/pages\/3330","targetHints":{"allow":["GET"]}}],"collection":[{"href":"https:\/\/bora.partners\/sl\/wp-json\/wp\/v2\/pages"}],"about":[{"href":"https:\/\/bora.partners\/sl\/wp-json\/wp\/v2\/types\/page"}],"author":[{"embeddable":true,"href":"https:\/\/bora.partners\/sl\/wp-json\/wp\/v2\/users\/1"}],"replies":[{"embeddable":true,"href":"https:\/\/bora.partners\/sl\/wp-json\/wp\/v2\/comments?post=3330"}],"version-history":[{"count":0,"href":"https:\/\/bora.partners\/sl\/wp-json\/wp\/v2\/pages\/3330\/revisions"}],"wp:attachment":[{"href":"https:\/\/bora.partners\/sl\/wp-json\/wp\/v2\/media?parent=3330"}],"curies":[{"name":"wp","href":"https:\/\/api.w.org\/{rel}","templated":true}]}}