{"id":4839,"date":"2022-12-19T10:10:47","date_gmt":"2022-12-19T09:10:47","guid":{"rendered":"https:\/\/bora.partners\/?page_id=4839"},"modified":"2022-12-19T19:33:29","modified_gmt":"2022-12-19T18:33:29","slug":"analiza-moznosti-prodaje-podjetja","status":"publish","type":"page","link":"https:\/\/bora.partners\/sl\/pred-prodajo\/analiza-moznosti-prodaje-podjetja\/","title":{"rendered":"Analiza mo\u017enosti prodaje podjetja"},"content":{"rendered":"\n<p>ANALIZA MO\u017dNOSTI IN PRILO\u017dNOSTI PRODAJE PODJETJA<\/p>\n\n\n\n<p><strong>Svoje podjetje lahko prodate samo enkrat, zato storite to tako, kot je prav! Mi vam pri tem znamo pomagati. &nbsp;S pripravo kakovostne dokumentacije in pravih informacij vam prihranimo \u010das in vas opolnomo\u010dimo, da se boste pravilno odlo\u010dili.<\/strong><\/p>\n\n\n\n<p>Pridobili bomo vse potrebne informacije, ki jih potrebujete za odlo\u010ditev, ali se podati v prodajo podjetja. Seznanili vas bomo s celotnim procesom in vam pomagali z napotki, kako maksimirati ceno, omejiti tveganja, izbrati pravega kupca in izpeljati prodajo brez zapletov, \u010de se zanjo enkrat odlo\u010dite.<\/p>\n\n\n\n<p><strong>Razumevanje poslovnega okolja je klju\u010dno.<\/strong><\/p>\n\n\n\n<p>\u010ce razmi\u0161ljate o prodaji svojega podjetja v naslednjih petih do desetih letih, je \u017ee danes \u010das, da za\u010dnete raziskovati realne mo\u017enosti na trgu. V tem primeru vam bomo z veseljem predstavili proces prodaje in vam zaupali nekaj pomembnih skrivnosti. Pripravili vas bomo sistemati\u010dno analizo, ki vam bo omogo\u010dila vpogled v aktualna dogajanja na trgu v zvezi s\/z:<\/p>\n\n\n\n<ul class=\"wp-block-list\">\n<li>trenutnim nahajanjem podjetja v makroekonomskem ciklu ter z napovedmi;<\/li>\n\n\n\n<li>\u010dasovnim tempiranjem prodaje glede na makroekonomski cikel;<\/li>\n\n\n\n<li>trenutno atraktivnostjo panoge za nakupe in prodaje podjetij;<\/li>\n\n\n\n<li>analizo prodaj podjetij v sorodnih panogah, glede na razpolo\u017eljive podatke v Sloveniji in dr\u017eavah Srednje in Vzhodne Evrope.<\/li>\n<\/ul>\n\n\n\n<p><strong>Razumevanje potencialnih kupcev vodi do pravih odlo\u010ditev.<\/strong><\/p>\n\n\n\n<p>Kupci podjetij so razli\u010dni. So strate\u0161ki ali finan\u010dni. Med njimi so lahko multinacionalke, finan\u010dni skladi, dru\u017einske pisarne, poslovni angeli ali kdo drug. Vsak od njih ima svoje zahteve, specifi\u010dne cilje in posebne karakteristike, kar vse vpliva na polo\u017eaj in razvoj podjetja tudi po prodaji. Zato je klju\u010dno, da lastnosti potencialnih kupcev dobro poznamo in razumemo. Enako tudi velja, da potencialni kupci dobro poznajo in razumejo vas \u2013 prodajalca. V ta namen je treba:<\/p>\n\n\n\n<ul class=\"wp-block-list\">\n<li>identificirati strate\u0161ke in finan\u010dne skupine potencialnih kupcev,<\/li>\n\n\n\n<li>izdelati profil idealnega kupca podjetja,<\/li>\n\n\n\n<li>pripraviti o\u017eji izbor optimalnih kupcev in<\/li>\n\n\n\n<li>analizirati potencialne smeri razvoja podjetja v odvisnosti od skupin potencialnih kupcev.<\/li>\n<\/ul>\n\n\n\n<p><strong>Optimizacija prodajne cene je pomemben dejavnik.<\/strong><\/p>\n\n\n\n<p>Vsak kupec ni primeren za nakup va\u0161ega podjetja, ne glede kak\u0161no ceno ponudi. Prav tako tudi ni modro za vsako ceno prodati podjetja \u0161e tako primernemu kupcu. Edina prava taktika je pridobiti pravega kupca za pravo ceno! V dokumentu, ki ga pripravimo, bomo predlagali re\u0161itve to\u010dno po meri va\u0161e situacije in ciljev.<\/p>\n\n\n\n<ul class=\"wp-block-list\">\n<li>Va\u0161e podjetje bomo okvirno ovrednotili z razponom prodajne cene.<\/li>\n\n\n\n<li>Predlagali in osvetlili bomo razli\u010dne mo\u017ene transakcijske strukture: delno ali celotno prodajo, va\u0161o vlogo v podjetju po prodaji, okvirne pogoje transakcije ipd.<\/li>\n\n\n\n<li>Navedli bomo finan\u010dna in strate\u0161ka priporo\u010dila za optimiziranje prodajne cene.<\/li>\n\n\n\n<li>Predlagali bomo ustrezno pravno strukturo podjetja za prodajo.<\/li>\n<\/ul>\n\n\n\n<p><strong>Kako natan\u010dno poteka postopek prodaje podjetja?<\/strong><\/p>\n\n\n\n<p>Postopek prodaje podjetja vam bomo podrobno predstavili osebno in pisno. S tem boste dobili vse klju\u010dne informacije, kaj vas \u010daka v posameznem koraku, katere naloge mora opraviti management, katere drugi zaposleni v podjetju in katere je dol\u017ean izvesti zunanji svetovalec. Te so:<\/p>\n\n\n\n<ul class=\"wp-block-list\">\n<li>faze v procesu prodaje podjetja in obrazlo\u017eitev vsake faze,<\/li>\n\n\n\n<li>priprava dokumentacije (teaser in informacijski memorandum),<\/li>\n\n\n\n<li>postopek in na\u010dini kontaktiranja potencialnih kupcev,<\/li>\n\n\n\n<li>skrbni pregled podjetja,<\/li>\n\n\n\n<li>pravna izvedba transakcije,<\/li>\n\n\n\n<li>zahteve ali mo\u017enosti anga\u017eiranja v podjetju po prodaji.<\/li>\n<\/ul>\n\n\n\n<p>Dodatno k razlagi postopka pripravimo tudi kontrolno listo za va\u0161o individualno situacijo, ki razlo\u017ei vse korake od izdelave tega dokumenta do kon\u010dnega izhoda.<\/p>\n\n\n\n<p><strong>Zakaj se je modro odlo\u010diti za ta korak v sodelovanju z nami?<\/strong><\/p>\n\n\n\n<ul class=\"wp-block-list\">\n<li>\u010ce se boste kdaj kasneje odlo\u010dili za prodajo, boste imeli \u017ee raziskane razli\u010dne mo\u017enosti.<\/li>\n\n\n\n<li>Razumeli boste, na kak\u0161ne vse na\u010dine bi lahko strukturirali transakcijo.<\/li>\n\n\n\n<li>Vse klju\u010dne informacije o prodaji boste pridobili na enem mestu.<\/li>\n\n\n\n<li>Do kon\u010dne odlo\u010ditve boste pri\u0161li brez stresa in pritiskov.<\/li>\n\n\n\n<li>Na vsa va\u0161a vpra\u0161anja v zvezi s prodajo podjetja boste imeli \u017ee odgovore.<\/li>\n<\/ul>\n\n\n\n<p><strong>Analiza mo\u017enosti in prilo\u017enosti za prodajo vam prina\u0161a naslednje koristi:<\/strong><\/p>\n\n\n\n<ul class=\"wp-block-list\">\n<li>maksimirano prodajno ceno,<\/li>\n\n\n\n<li>pravilno \u010dasovno tempirano prodajo,<\/li>\n\n\n\n<li>minimalna potencialna tveganja,<\/li>\n\n\n\n<li>pripravljene in organizirane interne vire v primeru odlo\u010ditve za prodajo,<\/li>\n\n\n\n<li>manj stresa zaradi razumevanja celotnega procesa.<\/li>\n<\/ul>\n\n\n\n<p>Namen analize je pomagati lastnikom podjetij odgovoriti na vpra\u0161anja: ali naj se podajo v postopek prodaje ali ne; kako naj spoznajo in se lotijo prodajnega postopka; kaj lahko pri\u010dakujejo v posameznih prodajnih fazah; kdaj, komu in na kak\u0161en na\u010din naj prodajo svoje podjetje in kako naj maksimirajo ceno.<\/p>\n\n\n\n<p>Ponudba zajema:<\/p>\n\n\n\n<ul class=\"wp-block-list\">\n<li>strokovno pripravljen dokument,<\/li>\n\n\n\n<li>osebno predstavitev, v \u017eivo ali prek spleta,<\/li>\n\n\n\n<li>individualno svetovanje.<\/li>\n<\/ul>\n\n\n\n<p>V primeru izdelave takega dokumenta in posledi\u010dno odlo\u010ditve za prodajo, boste imeli v dokumentu \u017ee informacije z veliko klju\u010dnih vhodnih parametrov za izdelavo prodajne dokumentacije. In \u010de se odlo\u010dite za na\u0161e svetovanje tudi za sam postopek prodaje, vam pri fazi izdelave dokumentacije priznamo del vlo\u017eene investicije.<\/p>\n","protected":false},"excerpt":{"rendered":"<p>ANALIZA MO\u017dNOSTI IN PRILO\u017dNOSTI PRODAJE PODJETJA Svoje podjetje lahko prodate samo enkrat, zato storite to tako, kot je prav! Mi vam pri tem znamo pomagati. &nbsp;S pripravo kakovostne dokumentacije in pravih informacij vam prihranimo \u010das in vas opolnomo\u010dimo, da se boste pravilno odlo\u010dili. Pridobili bomo vse potrebne informacije, ki jih potrebujete za odlo\u010ditev, ali se [&hellip;]<\/p>\n","protected":false},"author":1,"featured_media":0,"parent":4818,"menu_order":0,"comment_status":"closed","ping_status":"closed","template":"","meta":{"inline_featured_image":false,"footnotes":""},"class_list":["post-4839","page","type-page","status-publish","hentry"],"yoast_head":"<!-- This site is optimized with the Yoast SEO plugin v20.1 - https:\/\/yoast.com\/wordpress\/plugins\/seo\/ -->\n<title>Analiza mo\u017enosti prodaje podjetja - Bora partners<\/title>\n<meta name=\"robots\" content=\"index, follow, max-snippet:-1, max-image-preview:large, max-video-preview:-1\" \/>\n<link rel=\"canonical\" href=\"https:\/\/bora.partners\/sl\/pred-prodajo\/analiza-moznosti-prodaje-podjetja\/\" \/>\n<meta property=\"og:locale\" content=\"sl_SI\" \/>\n<meta property=\"og:type\" content=\"article\" \/>\n<meta property=\"og:title\" content=\"Analiza mo\u017enosti prodaje podjetja - Bora partners\" \/>\n<meta property=\"og:description\" content=\"ANALIZA MO\u017dNOSTI IN PRILO\u017dNOSTI PRODAJE PODJETJA Svoje podjetje lahko prodate samo enkrat, zato storite to tako, kot je prav! Mi vam pri tem znamo pomagati. &nbsp;S pripravo kakovostne dokumentacije in pravih informacij vam prihranimo \u010das in vas opolnomo\u010dimo, da se boste pravilno odlo\u010dili. Pridobili bomo vse potrebne informacije, ki jih potrebujete za odlo\u010ditev, ali se [&hellip;]\" \/>\n<meta property=\"og:url\" content=\"https:\/\/bora.partners\/sl\/pred-prodajo\/analiza-moznosti-prodaje-podjetja\/\" \/>\n<meta property=\"og:site_name\" content=\"Bora partners\" \/>\n<meta property=\"article:modified_time\" content=\"2022-12-19T18:33:29+00:00\" \/>\n<meta name=\"twitter:card\" content=\"summary_large_image\" \/>\n<meta name=\"twitter:label1\" content=\"Est. reading time\" \/>\n\t<meta name=\"twitter:data1\" content=\"4 minute\" \/>\n<script type=\"application\/ld+json\" class=\"yoast-schema-graph\">{\"@context\":\"https:\/\/schema.org\",\"@graph\":[{\"@type\":\"WebPage\",\"@id\":\"https:\/\/bora.partners\/sl\/pred-prodajo\/analiza-moznosti-prodaje-podjetja\/\",\"url\":\"https:\/\/bora.partners\/sl\/pred-prodajo\/analiza-moznosti-prodaje-podjetja\/\",\"name\":\"Analiza mo\u017enosti prodaje podjetja - Bora partners\",\"isPartOf\":{\"@id\":\"https:\/\/bora.partners\/#website\"},\"datePublished\":\"2022-12-19T09:10:47+00:00\",\"dateModified\":\"2022-12-19T18:33:29+00:00\",\"breadcrumb\":{\"@id\":\"https:\/\/bora.partners\/sl\/pred-prodajo\/analiza-moznosti-prodaje-podjetja\/#breadcrumb\"},\"inLanguage\":\"sl-SI\",\"potentialAction\":[{\"@type\":\"ReadAction\",\"target\":[\"https:\/\/bora.partners\/sl\/pred-prodajo\/analiza-moznosti-prodaje-podjetja\/\"]}]},{\"@type\":\"BreadcrumbList\",\"@id\":\"https:\/\/bora.partners\/sl\/pred-prodajo\/analiza-moznosti-prodaje-podjetja\/#breadcrumb\",\"itemListElement\":[{\"@type\":\"ListItem\",\"position\":1,\"name\":\"Home\",\"item\":\"https:\/\/bora.partners\/sl\/\"},{\"@type\":\"ListItem\",\"position\":2,\"name\":\"Pred prodajo\",\"item\":\"https:\/\/bora.partners\/sl\/pred-prodajo\/\"},{\"@type\":\"ListItem\",\"position\":3,\"name\":\"Analiza mo\u017enosti prodaje podjetja\"}]},{\"@type\":\"WebSite\",\"@id\":\"https:\/\/bora.partners\/#website\",\"url\":\"https:\/\/bora.partners\/\",\"name\":\"Bora partners\",\"description\":\"\u0160e eno spleti\u0161\u010de WordPress\",\"publisher\":{\"@id\":\"https:\/\/bora.partners\/#organization\"},\"potentialAction\":[{\"@type\":\"SearchAction\",\"target\":{\"@type\":\"EntryPoint\",\"urlTemplate\":\"https:\/\/bora.partners\/?s={search_term_string}\"},\"query-input\":\"required name=search_term_string\"}],\"inLanguage\":\"sl-SI\"},{\"@type\":\"Organization\",\"@id\":\"https:\/\/bora.partners\/#organization\",\"name\":\"Bora partners\",\"url\":\"https:\/\/bora.partners\/\",\"logo\":{\"@type\":\"ImageObject\",\"inLanguage\":\"sl-SI\",\"@id\":\"https:\/\/bora.partners\/#\/schema\/logo\/image\/\",\"url\":\"https:\/\/bora.partners\/wp-content\/uploads\/2022\/10\/BoraPartners_Preferred_Logo_Negative_RGB-1.png\",\"contentUrl\":\"https:\/\/bora.partners\/wp-content\/uploads\/2022\/10\/BoraPartners_Preferred_Logo_Negative_RGB-1.png\",\"width\":242,\"height\":73,\"caption\":\"Bora partners\"},\"image\":{\"@id\":\"https:\/\/bora.partners\/#\/schema\/logo\/image\/\"}}]}<\/script>\n<!-- \/ Yoast SEO plugin. -->","yoast_head_json":{"title":"Analiza mo\u017enosti prodaje podjetja - Bora partners","robots":{"index":"index","follow":"follow","max-snippet":"max-snippet:-1","max-image-preview":"max-image-preview:large","max-video-preview":"max-video-preview:-1"},"canonical":"https:\/\/bora.partners\/sl\/pred-prodajo\/analiza-moznosti-prodaje-podjetja\/","og_locale":"sl_SI","og_type":"article","og_title":"Analiza mo\u017enosti prodaje podjetja - Bora partners","og_description":"ANALIZA MO\u017dNOSTI IN PRILO\u017dNOSTI PRODAJE PODJETJA Svoje podjetje lahko prodate samo enkrat, zato storite to tako, kot je prav! Mi vam pri tem znamo pomagati. &nbsp;S pripravo kakovostne dokumentacije in pravih informacij vam prihranimo \u010das in vas opolnomo\u010dimo, da se boste pravilno odlo\u010dili. Pridobili bomo vse potrebne informacije, ki jih potrebujete za odlo\u010ditev, ali se [&hellip;]","og_url":"https:\/\/bora.partners\/sl\/pred-prodajo\/analiza-moznosti-prodaje-podjetja\/","og_site_name":"Bora partners","article_modified_time":"2022-12-19T18:33:29+00:00","twitter_card":"summary_large_image","twitter_misc":{"Est. reading time":"4 minute"},"schema":{"@context":"https:\/\/schema.org","@graph":[{"@type":"WebPage","@id":"https:\/\/bora.partners\/sl\/pred-prodajo\/analiza-moznosti-prodaje-podjetja\/","url":"https:\/\/bora.partners\/sl\/pred-prodajo\/analiza-moznosti-prodaje-podjetja\/","name":"Analiza mo\u017enosti prodaje podjetja - Bora partners","isPartOf":{"@id":"https:\/\/bora.partners\/#website"},"datePublished":"2022-12-19T09:10:47+00:00","dateModified":"2022-12-19T18:33:29+00:00","breadcrumb":{"@id":"https:\/\/bora.partners\/sl\/pred-prodajo\/analiza-moznosti-prodaje-podjetja\/#breadcrumb"},"inLanguage":"sl-SI","potentialAction":[{"@type":"ReadAction","target":["https:\/\/bora.partners\/sl\/pred-prodajo\/analiza-moznosti-prodaje-podjetja\/"]}]},{"@type":"BreadcrumbList","@id":"https:\/\/bora.partners\/sl\/pred-prodajo\/analiza-moznosti-prodaje-podjetja\/#breadcrumb","itemListElement":[{"@type":"ListItem","position":1,"name":"Home","item":"https:\/\/bora.partners\/sl\/"},{"@type":"ListItem","position":2,"name":"Pred prodajo","item":"https:\/\/bora.partners\/sl\/pred-prodajo\/"},{"@type":"ListItem","position":3,"name":"Analiza mo\u017enosti prodaje podjetja"}]},{"@type":"WebSite","@id":"https:\/\/bora.partners\/#website","url":"https:\/\/bora.partners\/","name":"Bora partners","description":"\u0160e eno spleti\u0161\u010de WordPress","publisher":{"@id":"https:\/\/bora.partners\/#organization"},"potentialAction":[{"@type":"SearchAction","target":{"@type":"EntryPoint","urlTemplate":"https:\/\/bora.partners\/?s={search_term_string}"},"query-input":"required name=search_term_string"}],"inLanguage":"sl-SI"},{"@type":"Organization","@id":"https:\/\/bora.partners\/#organization","name":"Bora partners","url":"https:\/\/bora.partners\/","logo":{"@type":"ImageObject","inLanguage":"sl-SI","@id":"https:\/\/bora.partners\/#\/schema\/logo\/image\/","url":"https:\/\/bora.partners\/wp-content\/uploads\/2022\/10\/BoraPartners_Preferred_Logo_Negative_RGB-1.png","contentUrl":"https:\/\/bora.partners\/wp-content\/uploads\/2022\/10\/BoraPartners_Preferred_Logo_Negative_RGB-1.png","width":242,"height":73,"caption":"Bora partners"},"image":{"@id":"https:\/\/bora.partners\/#\/schema\/logo\/image\/"}}]}},"_links":{"self":[{"href":"https:\/\/bora.partners\/sl\/wp-json\/wp\/v2\/pages\/4839","targetHints":{"allow":["GET"]}}],"collection":[{"href":"https:\/\/bora.partners\/sl\/wp-json\/wp\/v2\/pages"}],"about":[{"href":"https:\/\/bora.partners\/sl\/wp-json\/wp\/v2\/types\/page"}],"author":[{"embeddable":true,"href":"https:\/\/bora.partners\/sl\/wp-json\/wp\/v2\/users\/1"}],"replies":[{"embeddable":true,"href":"https:\/\/bora.partners\/sl\/wp-json\/wp\/v2\/comments?post=4839"}],"version-history":[{"count":3,"href":"https:\/\/bora.partners\/sl\/wp-json\/wp\/v2\/pages\/4839\/revisions"}],"predecessor-version":[{"id":4924,"href":"https:\/\/bora.partners\/sl\/wp-json\/wp\/v2\/pages\/4839\/revisions\/4924"}],"up":[{"embeddable":true,"href":"https:\/\/bora.partners\/sl\/wp-json\/wp\/v2\/pages\/4818"}],"wp:attachment":[{"href":"https:\/\/bora.partners\/sl\/wp-json\/wp\/v2\/media?parent=4839"}],"curies":[{"name":"wp","href":"https:\/\/api.w.org\/{rel}","templated":true}]}}