{"id":4842,"date":"2022-12-19T10:29:20","date_gmt":"2022-12-19T09:29:20","guid":{"rendered":"https:\/\/bora.partners\/?page_id=4842"},"modified":"2022-12-19T19:34:05","modified_gmt":"2022-12-19T18:34:05","slug":"priprava-podjetja-na-prodajo","status":"publish","type":"page","link":"https:\/\/bora.partners\/sl\/pred-prodajo\/priprava-podjetja-na-prodajo\/","title":{"rendered":"Priprava podjetja na prodajo"},"content":{"rendered":"\n<p>PRED PRODAJO PODJETJA SE DOBRO PRIPRAVITE<\/p>\n\n\n\n<p><strong>Ali \u017eelite svoje podjetje prodati po najvi\u0161ji mo\u017eni ceni? Potem se morate osredoto\u010diti na dobre poslovne rezultate in podjetje dobro pripraviti za prodajo!<\/strong><\/p>\n\n\n\n<p><strong>Mi smo tu, da vam pomagamo.<\/strong><\/p>\n\n\n\n<p>Priprava podjetja za prodajo je zahtevno in dolgotrajno delo. Podjetje je potrebno usposobiti s pravnega in finan\u010dnega vidika in urediti vse poslovne funkcije tako, da bo primerno za prodajo. Na\u0161a strokovna pomo\u010d bi vam pri\u0161la pri tem \u0161e kako prav. Seznanili bi vas s celotnim procesom in posebej z izzivi skrbnega pregleda, na katere boste morali biti posebej pozorni.<\/p>\n\n\n\n<p><strong>Osredoto\u010dite se na bistvo \u2013 na maksimiranje poslovnih rezultatov.&nbsp;<\/strong><\/p>\n\n\n\n<p>Prodajna cena podjetja je odvisna od njegovega strate\u0161kega polo\u017eaja, zgodbe, potenciala in najpogosteje od finan\u010dnih rezultatov (EBITDA). Pred prodajo mora biti podjetje \u010dim bolj dobi\u010dkonosno in stabilno ter imeti potencial nadaljnje rasti.<\/p>\n\n\n\n<ul class=\"wp-block-list\">\n<li>Osredoto\u010dite se na \u010dim bolj\u0161e strate\u0161ko in finan\u010dno poslovanje podjetja.<\/li>\n\n\n\n<li>Pripravo podjetja za prodajo prepustite strokovnjakom in se sami raje posvetite poslovnemu usposabljanju podjetja.<\/li>\n<\/ul>\n\n\n\n<p><strong>Dobra priprava je klju\u010d do uspeha.<\/strong><\/p>\n\n\n\n<p>Dobra priprava podjetja za prodajo in izvedba sklopa dejavnosti pred za\u010detkom postopka prodaje se vam bosta ve\u010dkratno obrestovali v ve\u010dji samozavesti v pogajalski fazi, hitrej\u0161i izvedbi skrbnega pregleda, poglobljenem razumevanju celotnega postopka in v u\u010dinkovitej\u0161ih poslovnih funkcijah podjetja.<\/p>\n\n\n\n<p>V sodelovanju s strokovnjaki vam bo uspelo:<\/p>\n\n\n\n<ul class=\"wp-block-list\">\n<li>pripraviti podjetje za prodajo v skladu s kontrolnim seznamom za skrbni pregled;<\/li>\n\n\n\n<li>urediti poslovne funkcije, ki so pod drobnogledom v fazi skrbnega pregleda;<\/li>\n\n\n\n<li>izvesti ukrepe za optimiziranje prodajne cene;<\/li>\n\n\n\n<li>pripraviti pogajalske argumente za razli\u010dne segmente kupev.<\/li>\n<\/ul>\n\n\n\n<p><strong>Maksimiranje prodajne cene<\/strong><\/p>\n\n\n\n<p>Zelo pomemben vidik pri pripravi podjetja za prodajo je maksimiranje prodajne cene. Podjetje mora biti pripravljeno finan\u010dno, strate\u0161ko in vsebinsko. To zahteva uvedbo vrste ukrepov, ki med drugim vklju\u010dujejo optimizacijo stro\u0161kov, odpravo pomanjkljivosti v poslovanju in ureditev portfelja izdelkov. Za uspe\u0161no izvedbo skrbnega pregleda in doseganje optimalne prodajne cene je zato potrebno:<\/p>\n\n\n\n<ul class=\"wp-block-list\">\n<li>podjetje dodatno strate\u0161ko pozicionirati,<\/li>\n\n\n\n<li>ga finan\u010dno optimizirati in dolo\u010diti finan\u010dne cilje,<\/li>\n\n\n\n<li>odpraviti morebitna tveganja v izogib &nbsp;zni\u017eevanju njegove vrednosti in<\/li>\n\n\n\n<li>vnesti dodatne ukrepe za maksimiranje prodajne cene.<\/li>\n<\/ul>\n\n\n\n<p><strong>Skrbno pripravljen prodajni proces je imperativ. Prepustite ga strokovnjakom!<\/strong><\/p>\n\n\n\n<p>Medtem ko se boste vi osredoto\u010dali na vodenje podjetja, se bomo mi posvetili pripravljanju podjetja za prodajo. Celoten postopek bomo vam in va\u0161im sodelavcem predstavili osebno in pisno. S tem boste dobili vse bistvene informacije o tem, kaj lahko pri\u010dakujete v vsakem koraku, katere naloge mora opraviti vodstvo, katere drugi zaposleni in katere zunanji svetovalec.<\/p>\n\n\n\n<ul class=\"wp-block-list\">\n<li>Podrobno se boste seznanili s fazami prodajnega procesa in kaj je potrebno storiti v vsaki fazi.<\/li>\n\n\n\n<li>Zaupajte nam. Vodili vas bomo skozi vse faze, vam svetovali, pripravili kontrolne sezname in \u0161e marsikaj.<\/li>\n\n\n\n<li>Odgovorili vam bomo na vsa vpra\u0161anja in vam svetovali pri najte\u017ejih odlo\u010ditvah.<\/li>\n<\/ul>\n\n\n\n<p>Dodatno vam lahko izdelamo analizo prodajnih mo\u017enosti in prilo\u017enosti. Na tej podlagi bomo identificirali potencialne kupce, dodatno utemeljili vrednotenje podjetja in vam pomagali pri \u010dasovnem na\u010drtovanju prodaje.<\/p>\n\n\n\n<p><strong>Zakaj se je modro odlo\u010diti za ta korak v sodelovanju z nami?<\/strong><\/p>\n\n\n\n<ul class=\"wp-block-list\">\n<li>Lahko se boste osredoto\u010dali le na posel in optimalne rezultate.<\/li>\n\n\n\n<li>Skozi vse faze priprave podjetja vas bomo sistemati\u010dno vodili mi.<\/li>\n\n\n\n<li>Va\u0161e podjetje bo bolj organizirano in pripravljeno na vse izzive.<\/li>\n\n\n\n<li>Postopek skrbnega pregleda bo hitrej\u0161i in z manj zapleti.<\/li>\n\n\n\n<li>Vse klju\u010dne informacije o prodaji boste imeli na enem mestu.<\/li>\n\n\n\n<li>Na vsa vpra\u0161anja v zvezi s prodajo boste imeli \u017ee odgovore.<\/li>\n<\/ul>\n\n\n\n<p><strong>Priprava podjetja za prodajo vam bo prinesla naslednje koristi:<\/strong><\/p>\n\n\n\n<ul class=\"wp-block-list\">\n<li>maksimalno prodajno ceno in hitrej\u0161i postopek prodaje,<\/li>\n\n\n\n<li>pripravljeno podjetje za prodajo,<\/li>\n\n\n\n<li>manj\u0161e tveganje in manj odprtih vpra\u0161anj med skrbnim pregledom,<\/li>\n\n\n\n<li>ve\u010djo samozavest pri pogajanjih s klju\u010dnimi potencialnimi kupci,<\/li>\n\n\n\n<li>manj stresa zaradi dobrega poznavanja celotnega procesa.<\/li>\n<\/ul>\n\n\n\n<p>Pripraviti podjetje za prodajo pomeni pomagati lastnikom urediti interne zadeve: urediti poslovne funkcije in vse v zvezi s skrbnim pregledom, izvesti ukrepe za dosego optimalne prodajne cene, razlo\u017eiti kaj pri\u010dakovati v vsaki prodajni fazi in \u0161e ve\u010d.<\/p>\n\n\n\n<p>Ponudba zajema:<\/p>\n\n\n\n<ul class=\"wp-block-list\">\n<li>sestavo delovnega na\u010drta za pripravo podjetja po poslovnih funkcijah,<\/li>\n\n\n\n<li>pripravo kontrolnega seznama za prodajo,<\/li>\n\n\n\n<li>redna preriodi\u010dna sre\u010danja z lastniki za implementacijo ukrepov,<\/li>\n\n\n\n<li>redna poro\u010dila o stanju pripravljenosti podjetja in \u010dasovnega na\u010drtovanja prodaje,<\/li>\n\n\n\n<li>individualno svetovanje o prodaji.<\/li>\n<\/ul>\n\n\n\n<p>Priprava podjetja za prodajo traja ponavadi od 6 do 24 mesecev. Obi\u010dajno poteka v o\u017ejem krogu lastnikov in vodilnih delavcev. Priprava \u0161e ne pomeni kon\u010dne odlo\u010ditve za prodajo, v vsakem primeru pa zagotavlja bolj urejeno podjetje. Dodatno k pripravi podjetja je smiselno raziskati tudi prodajne mo\u017enosti in prilo\u017enosti in identificirati potencialne kupce.<\/p>\n","protected":false},"excerpt":{"rendered":"<p>PRED PRODAJO PODJETJA SE DOBRO PRIPRAVITE Ali \u017eelite svoje podjetje prodati po najvi\u0161ji mo\u017eni ceni? Potem se morate osredoto\u010diti na dobre poslovne rezultate in podjetje dobro pripraviti za prodajo! Mi smo tu, da vam pomagamo. Priprava podjetja za prodajo je zahtevno in dolgotrajno delo. Podjetje je potrebno usposobiti s pravnega in finan\u010dnega vidika in urediti [&hellip;]<\/p>\n","protected":false},"author":1,"featured_media":0,"parent":4818,"menu_order":0,"comment_status":"closed","ping_status":"closed","template":"","meta":{"inline_featured_image":false,"footnotes":""},"class_list":["post-4842","page","type-page","status-publish","hentry"],"yoast_head":"<!-- This site is optimized with the Yoast SEO plugin v20.1 - https:\/\/yoast.com\/wordpress\/plugins\/seo\/ -->\n<title>Priprava podjetja na prodajo - Bora partners<\/title>\n<meta name=\"robots\" content=\"index, follow, max-snippet:-1, max-image-preview:large, max-video-preview:-1\" \/>\n<link rel=\"canonical\" href=\"https:\/\/bora.partners\/sl\/pred-prodajo\/priprava-podjetja-na-prodajo\/\" \/>\n<meta property=\"og:locale\" content=\"sl_SI\" \/>\n<meta property=\"og:type\" content=\"article\" \/>\n<meta property=\"og:title\" content=\"Priprava podjetja na prodajo - Bora partners\" \/>\n<meta property=\"og:description\" content=\"PRED PRODAJO PODJETJA SE DOBRO PRIPRAVITE Ali \u017eelite svoje podjetje prodati po najvi\u0161ji mo\u017eni ceni? Potem se morate osredoto\u010diti na dobre poslovne rezultate in podjetje dobro pripraviti za prodajo! Mi smo tu, da vam pomagamo. Priprava podjetja za prodajo je zahtevno in dolgotrajno delo. Podjetje je potrebno usposobiti s pravnega in finan\u010dnega vidika in urediti [&hellip;]\" \/>\n<meta property=\"og:url\" content=\"https:\/\/bora.partners\/sl\/pred-prodajo\/priprava-podjetja-na-prodajo\/\" \/>\n<meta property=\"og:site_name\" content=\"Bora partners\" \/>\n<meta property=\"article:modified_time\" content=\"2022-12-19T18:34:05+00:00\" \/>\n<meta name=\"twitter:card\" content=\"summary_large_image\" \/>\n<meta name=\"twitter:label1\" content=\"Est. reading time\" \/>\n\t<meta name=\"twitter:data1\" content=\"4 minute\" \/>\n<script type=\"application\/ld+json\" class=\"yoast-schema-graph\">{\"@context\":\"https:\/\/schema.org\",\"@graph\":[{\"@type\":\"WebPage\",\"@id\":\"https:\/\/bora.partners\/sl\/pred-prodajo\/priprava-podjetja-na-prodajo\/\",\"url\":\"https:\/\/bora.partners\/sl\/pred-prodajo\/priprava-podjetja-na-prodajo\/\",\"name\":\"Priprava podjetja na prodajo - Bora partners\",\"isPartOf\":{\"@id\":\"https:\/\/bora.partners\/#website\"},\"datePublished\":\"2022-12-19T09:29:20+00:00\",\"dateModified\":\"2022-12-19T18:34:05+00:00\",\"breadcrumb\":{\"@id\":\"https:\/\/bora.partners\/sl\/pred-prodajo\/priprava-podjetja-na-prodajo\/#breadcrumb\"},\"inLanguage\":\"sl-SI\",\"potentialAction\":[{\"@type\":\"ReadAction\",\"target\":[\"https:\/\/bora.partners\/sl\/pred-prodajo\/priprava-podjetja-na-prodajo\/\"]}]},{\"@type\":\"BreadcrumbList\",\"@id\":\"https:\/\/bora.partners\/sl\/pred-prodajo\/priprava-podjetja-na-prodajo\/#breadcrumb\",\"itemListElement\":[{\"@type\":\"ListItem\",\"position\":1,\"name\":\"Home\",\"item\":\"https:\/\/bora.partners\/sl\/\"},{\"@type\":\"ListItem\",\"position\":2,\"name\":\"Pred prodajo\",\"item\":\"https:\/\/bora.partners\/sl\/pred-prodajo\/\"},{\"@type\":\"ListItem\",\"position\":3,\"name\":\"Priprava podjetja na prodajo\"}]},{\"@type\":\"WebSite\",\"@id\":\"https:\/\/bora.partners\/#website\",\"url\":\"https:\/\/bora.partners\/\",\"name\":\"Bora partners\",\"description\":\"\u0160e eno spleti\u0161\u010de WordPress\",\"publisher\":{\"@id\":\"https:\/\/bora.partners\/#organization\"},\"potentialAction\":[{\"@type\":\"SearchAction\",\"target\":{\"@type\":\"EntryPoint\",\"urlTemplate\":\"https:\/\/bora.partners\/?s={search_term_string}\"},\"query-input\":\"required name=search_term_string\"}],\"inLanguage\":\"sl-SI\"},{\"@type\":\"Organization\",\"@id\":\"https:\/\/bora.partners\/#organization\",\"name\":\"Bora partners\",\"url\":\"https:\/\/bora.partners\/\",\"logo\":{\"@type\":\"ImageObject\",\"inLanguage\":\"sl-SI\",\"@id\":\"https:\/\/bora.partners\/#\/schema\/logo\/image\/\",\"url\":\"https:\/\/bora.partners\/wp-content\/uploads\/2022\/10\/BoraPartners_Preferred_Logo_Negative_RGB-1.png\",\"contentUrl\":\"https:\/\/bora.partners\/wp-content\/uploads\/2022\/10\/BoraPartners_Preferred_Logo_Negative_RGB-1.png\",\"width\":242,\"height\":73,\"caption\":\"Bora partners\"},\"image\":{\"@id\":\"https:\/\/bora.partners\/#\/schema\/logo\/image\/\"}}]}<\/script>\n<!-- \/ Yoast SEO plugin. -->","yoast_head_json":{"title":"Priprava podjetja na prodajo - Bora partners","robots":{"index":"index","follow":"follow","max-snippet":"max-snippet:-1","max-image-preview":"max-image-preview:large","max-video-preview":"max-video-preview:-1"},"canonical":"https:\/\/bora.partners\/sl\/pred-prodajo\/priprava-podjetja-na-prodajo\/","og_locale":"sl_SI","og_type":"article","og_title":"Priprava podjetja na prodajo - Bora partners","og_description":"PRED PRODAJO PODJETJA SE DOBRO PRIPRAVITE Ali \u017eelite svoje podjetje prodati po najvi\u0161ji mo\u017eni ceni? Potem se morate osredoto\u010diti na dobre poslovne rezultate in podjetje dobro pripraviti za prodajo! Mi smo tu, da vam pomagamo. Priprava podjetja za prodajo je zahtevno in dolgotrajno delo. Podjetje je potrebno usposobiti s pravnega in finan\u010dnega vidika in urediti [&hellip;]","og_url":"https:\/\/bora.partners\/sl\/pred-prodajo\/priprava-podjetja-na-prodajo\/","og_site_name":"Bora partners","article_modified_time":"2022-12-19T18:34:05+00:00","twitter_card":"summary_large_image","twitter_misc":{"Est. reading time":"4 minute"},"schema":{"@context":"https:\/\/schema.org","@graph":[{"@type":"WebPage","@id":"https:\/\/bora.partners\/sl\/pred-prodajo\/priprava-podjetja-na-prodajo\/","url":"https:\/\/bora.partners\/sl\/pred-prodajo\/priprava-podjetja-na-prodajo\/","name":"Priprava podjetja na prodajo - Bora partners","isPartOf":{"@id":"https:\/\/bora.partners\/#website"},"datePublished":"2022-12-19T09:29:20+00:00","dateModified":"2022-12-19T18:34:05+00:00","breadcrumb":{"@id":"https:\/\/bora.partners\/sl\/pred-prodajo\/priprava-podjetja-na-prodajo\/#breadcrumb"},"inLanguage":"sl-SI","potentialAction":[{"@type":"ReadAction","target":["https:\/\/bora.partners\/sl\/pred-prodajo\/priprava-podjetja-na-prodajo\/"]}]},{"@type":"BreadcrumbList","@id":"https:\/\/bora.partners\/sl\/pred-prodajo\/priprava-podjetja-na-prodajo\/#breadcrumb","itemListElement":[{"@type":"ListItem","position":1,"name":"Home","item":"https:\/\/bora.partners\/sl\/"},{"@type":"ListItem","position":2,"name":"Pred prodajo","item":"https:\/\/bora.partners\/sl\/pred-prodajo\/"},{"@type":"ListItem","position":3,"name":"Priprava podjetja na prodajo"}]},{"@type":"WebSite","@id":"https:\/\/bora.partners\/#website","url":"https:\/\/bora.partners\/","name":"Bora partners","description":"\u0160e eno spleti\u0161\u010de WordPress","publisher":{"@id":"https:\/\/bora.partners\/#organization"},"potentialAction":[{"@type":"SearchAction","target":{"@type":"EntryPoint","urlTemplate":"https:\/\/bora.partners\/?s={search_term_string}"},"query-input":"required name=search_term_string"}],"inLanguage":"sl-SI"},{"@type":"Organization","@id":"https:\/\/bora.partners\/#organization","name":"Bora partners","url":"https:\/\/bora.partners\/","logo":{"@type":"ImageObject","inLanguage":"sl-SI","@id":"https:\/\/bora.partners\/#\/schema\/logo\/image\/","url":"https:\/\/bora.partners\/wp-content\/uploads\/2022\/10\/BoraPartners_Preferred_Logo_Negative_RGB-1.png","contentUrl":"https:\/\/bora.partners\/wp-content\/uploads\/2022\/10\/BoraPartners_Preferred_Logo_Negative_RGB-1.png","width":242,"height":73,"caption":"Bora partners"},"image":{"@id":"https:\/\/bora.partners\/#\/schema\/logo\/image\/"}}]}},"_links":{"self":[{"href":"https:\/\/bora.partners\/sl\/wp-json\/wp\/v2\/pages\/4842","targetHints":{"allow":["GET"]}}],"collection":[{"href":"https:\/\/bora.partners\/sl\/wp-json\/wp\/v2\/pages"}],"about":[{"href":"https:\/\/bora.partners\/sl\/wp-json\/wp\/v2\/types\/page"}],"author":[{"embeddable":true,"href":"https:\/\/bora.partners\/sl\/wp-json\/wp\/v2\/users\/1"}],"replies":[{"embeddable":true,"href":"https:\/\/bora.partners\/sl\/wp-json\/wp\/v2\/comments?post=4842"}],"version-history":[{"count":3,"href":"https:\/\/bora.partners\/sl\/wp-json\/wp\/v2\/pages\/4842\/revisions"}],"predecessor-version":[{"id":4925,"href":"https:\/\/bora.partners\/sl\/wp-json\/wp\/v2\/pages\/4842\/revisions\/4925"}],"up":[{"embeddable":true,"href":"https:\/\/bora.partners\/sl\/wp-json\/wp\/v2\/pages\/4818"}],"wp:attachment":[{"href":"https:\/\/bora.partners\/sl\/wp-json\/wp\/v2\/media?parent=4842"}],"curies":[{"name":"wp","href":"https:\/\/api.w.org\/{rel}","templated":true}]}}