{"id":3465,"date":"2022-10-24T13:09:49","date_gmt":"2022-10-24T11:09:49","guid":{"rendered":"https:\/\/bora.partners\/international-integration\/"},"modified":"2022-11-21T08:45:48","modified_gmt":"2022-11-21T07:45:48","slug":"international-integration","status":"publish","type":"page","link":"https:\/\/bora.partners\/zh-hans\/services\/international-integration\/","title":{"rendered":"\u56fd\u9645\u6574\u5408"},"content":{"rendered":"\t\t<div data-elementor-type=\"wp-page\" data-elementor-id=\"3465\" class=\"elementor elementor-3465 elementor-43\">\n\t\t\t\t\t\t\t\t\t<section class=\"elementor-section elementor-top-section elementor-element elementor-element-370150e elementor-section-full_width elementor-section-height-min-height elementor-section-stretched elementor-section-height-default elementor-section-items-middle\" data-id=\"370150e\" data-element_type=\"section\" data-settings=\"{&quot;stretch_section&quot;:&quot;section-stretched&quot;,&quot;background_background&quot;:&quot;slideshow&quot;,&quot;background_slideshow_gallery&quot;:[{&quot;id&quot;:1112,&quot;url&quot;:&quot;https:\\\/\\\/bora.partners\\\/wp-content\\\/uploads\\\/2022\\\/10\\\/single-service-3.jpg&quot;}],&quot;background_slideshow_loop&quot;:&quot;yes&quot;,&quot;background_slideshow_slide_duration&quot;:5000,&quot;background_slideshow_slide_transition&quot;:&quot;fade&quot;,&quot;background_slideshow_transition_duration&quot;:500}\">\n\t\t\t\t\t\t<div class=\"elementor-container elementor-column-gap-default\">\n\t\t\t\t\t<div class=\"elementor-column elementor-col-100 elementor-top-column elementor-element elementor-element-06f0d9d\" data-id=\"06f0d9d\" data-element_type=\"column\">\n\t\t\t<div class=\"elementor-widget-wrap\">\n\t\t\t\t\t\t\t\t\t<\/div>\n\t\t<\/div>\n\t\t\t\t\t\t\t<\/div>\n\t\t<\/section>\n\t\t\t\t<section class=\"elementor-section elementor-top-section elementor-element elementor-element-9d5122b elementor-section-boxed elementor-section-height-default elementor-section-height-default\" data-id=\"9d5122b\" data-element_type=\"section\">\n\t\t\t\t\t\t<div class=\"elementor-container elementor-column-gap-default\">\n\t\t\t\t\t<div class=\"elementor-column elementor-col-100 elementor-top-column elementor-element elementor-element-b392cdd\" data-id=\"b392cdd\" data-element_type=\"column\">\n\t\t\t<div class=\"elementor-widget-wrap elementor-element-populated\">\n\t\t\t\t\t\t\t\t<div class=\"elementor-element elementor-element-fd09f1a elementor-widget elementor-widget-heading\" data-id=\"fd09f1a\" data-element_type=\"widget\" data-widget_type=\"heading.default\">\n\t\t\t\t<div class=\"elementor-widget-container\">\n\t\t\t<style>\/*! elementor - v3.11.2 - 22-02-2023 *\/\n.elementor-heading-title{padding:0;margin:0;line-height:1}.elementor-widget-heading .elementor-heading-title[class*=elementor-size-]>a{color:inherit;font-size:inherit;line-height:inherit}.elementor-widget-heading .elementor-heading-title.elementor-size-small{font-size:15px}.elementor-widget-heading .elementor-heading-title.elementor-size-medium{font-size:19px}.elementor-widget-heading .elementor-heading-title.elementor-size-large{font-size:29px}.elementor-widget-heading .elementor-heading-title.elementor-size-xl{font-size:39px}.elementor-widget-heading .elementor-heading-title.elementor-size-xxl{font-size:59px}<\/style><p class=\"elementor-heading-title elementor-size-default\">\u4e13\u4e1a\u670d\u52a1<\/p>\t\t<\/div>\n\t\t\t\t<\/div>\n\t\t\t\t<div class=\"elementor-element elementor-element-085fb88 elementor-widget elementor-widget-heading\" data-id=\"085fb88\" data-element_type=\"widget\" data-widget_type=\"heading.default\">\n\t\t\t\t<div class=\"elementor-widget-container\">\n\t\t\t<h2 class=\"elementor-heading-title elementor-size-default\">\u56fd\u9645\u6574\u5408<\/h2>\t\t<\/div>\n\t\t\t\t<\/div>\n\t\t\t\t<div class=\"elementor-element elementor-element-dc8dce5 elementor-widget elementor-widget-heading\" data-id=\"dc8dce5\" data-element_type=\"widget\" data-widget_type=\"heading.default\">\n\t\t\t\t<div class=\"elementor-widget-container\">\n\t\t\t<p class=\"elementor-heading-title elementor-size-default\">\u591a\u6570\u6295\u8d44\u8005\u5f80\u5f80\u5ffd\u89c6\u65af\u6d1b\u6587\u5c3c\u4e9a\u548c\u5176\u4ed6\u4e2d\u6b27-\u4e1c\u5357\u6b27\u56fd\u5bb6\uff0c\u4e3b\u8981\u662f\u56e0\u4e3a\u8be5\u5730\u533a\u56fd\u5bb6\u89c4\u6a21\u5c0f\uff0c\u8d44\u672c\u5e02\u573a\u6b20\u53d1\u8fbe\u3002\u8fd9\u5c31\u9020\u6210\u4e86\u8be5\u5730\u533a\u5bf9\u5177\u6709\u589e\u957f\u548c\u53d1\u5c55\u6f5c\u529b\u7684\u516c\u53f8\u7684\u6536\u8d2d\u3001\u9500\u552e\u3001\u5408\u5e76\u548c\u91cd\u5927\u76f4\u63a5\u6295\u8d44\u673a\u4f1a\u8f83\u5c11\u3002<\/p>\t\t<\/div>\n\t\t\t\t<\/div>\n\t\t\t\t\t<\/div>\n\t\t<\/div>\n\t\t\t\t\t\t\t<\/div>\n\t\t<\/section>\n\t\t\t\t<section class=\"elementor-section elementor-top-section elementor-element elementor-element-e6e318c elementor-section-height-min-height elementor-section-boxed elementor-section-height-default elementor-section-items-middle\" data-id=\"e6e318c\" data-element_type=\"section\">\n\t\t\t\t\t\t<div class=\"elementor-container elementor-column-gap-default\">\n\t\t\t\t\t<div class=\"elementor-column elementor-col-100 elementor-top-column elementor-element elementor-element-de3bb2c\" data-id=\"de3bb2c\" data-element_type=\"column\" data-settings=\"{&quot;background_background&quot;:&quot;classic&quot;}\">\n\t\t\t<div class=\"elementor-widget-wrap elementor-element-populated\">\n\t\t\t\t\t\t\t\t<div class=\"elementor-element elementor-element-28d0362 elementor-widget elementor-widget-image\" data-id=\"28d0362\" data-element_type=\"widget\" data-widget_type=\"image.default\">\n\t\t\t\t<div class=\"elementor-widget-container\">\n\t\t\t<style>\/*! elementor - v3.11.2 - 22-02-2023 *\/\n.elementor-widget-image{text-align:center}.elementor-widget-image a{display:inline-block}.elementor-widget-image a img[src$=\".svg\"]{width:48px}.elementor-widget-image img{vertical-align:middle;display:inline-block}<\/style>\t\t\t\t\t\t\t\t\t\t\t\t<img loading=\"lazy\" decoding=\"async\" width=\"768\" height=\"600\" src=\"https:\/\/bora.partners\/wp-content\/uploads\/2022\/10\/BoraPartners-illustration-3-768x600.png\" class=\"attachment-medium_large size-medium_large wp-image-380\" alt=\"\" srcset=\"https:\/\/bora.partners\/wp-content\/uploads\/2022\/10\/BoraPartners-illustration-3-768x600.png 768w, https:\/\/bora.partners\/wp-content\/uploads\/2022\/10\/BoraPartners-illustration-3-300x234.png 300w, https:\/\/bora.partners\/wp-content\/uploads\/2022\/10\/BoraPartners-illustration-3-1024x800.png 1024w, https:\/\/bora.partners\/wp-content\/uploads\/2022\/10\/elementor\/thumbs\/BoraPartners-illustration-3-py1c0q6t59mi8d0d0uy3g4uhgxamik8zas0inzwaw0.png 799w, https:\/\/bora.partners\/wp-content\/uploads\/2022\/10\/BoraPartners-illustration-3.png 1240w\" sizes=\"auto, (max-width: 768px) 100vw, 768px\" \/>\t\t\t\t\t\t\t\t\t\t\t\t\t\t\t<\/div>\n\t\t\t\t<\/div>\n\t\t\t\t\t<\/div>\n\t\t<\/div>\n\t\t\t\t\t\t\t<\/div>\n\t\t<\/section>\n\t\t\t\t<section class=\"elementor-section elementor-top-section elementor-element elementor-element-b92fba2 elementor-section-boxed elementor-section-height-default elementor-section-height-default\" data-id=\"b92fba2\" data-element_type=\"section\">\n\t\t\t\t\t\t<div class=\"elementor-container elementor-column-gap-default\">\n\t\t\t\t\t<div class=\"elementor-column elementor-col-50 elementor-top-column elementor-element elementor-element-c61febf\" data-id=\"c61febf\" data-element_type=\"column\">\n\t\t\t<div class=\"elementor-widget-wrap elementor-element-populated\">\n\t\t\t\t\t\t\t\t\t<\/div>\n\t\t<\/div>\n\t\t\t\t<div class=\"elementor-column elementor-col-50 elementor-top-column elementor-element elementor-element-d44897f\" data-id=\"d44897f\" data-element_type=\"column\">\n\t\t\t<div class=\"elementor-widget-wrap elementor-element-populated\">\n\t\t\t\t\t\t\t\t<div class=\"elementor-element elementor-element-8675dd7 elementor-widget elementor-widget-text-editor\" data-id=\"8675dd7\" data-element_type=\"widget\" data-widget_type=\"text-editor.default\">\n\t\t\t\t<div class=\"elementor-widget-container\">\n\t\t\t<style>\/*! elementor - v3.11.2 - 22-02-2023 *\/\n.elementor-widget-text-editor.elementor-drop-cap-view-stacked .elementor-drop-cap{background-color:#818a91;color:#fff}.elementor-widget-text-editor.elementor-drop-cap-view-framed .elementor-drop-cap{color:#818a91;border:3px solid;background-color:transparent}.elementor-widget-text-editor:not(.elementor-drop-cap-view-default) .elementor-drop-cap{margin-top:8px}.elementor-widget-text-editor:not(.elementor-drop-cap-view-default) .elementor-drop-cap-letter{width:1em;height:1em}.elementor-widget-text-editor .elementor-drop-cap{float:left;text-align:center;line-height:1;font-size:50px}.elementor-widget-text-editor .elementor-drop-cap-letter{display:inline-block}<\/style>\t\t\t\t<p><strong>\u6700\u8fd1<\/strong><strong>\u5341\u591a\u5e74\u6765\uff0c<\/strong><strong>Bora Partners<\/strong><strong>\u4e00\u76f4\u5728<\/strong><strong>\u52aa\u529b<\/strong><strong>\u4e0e\u5168\u7403\u8d44\u672c\u5e02\u573a\u548c\u6295\u8d44\u4e2d\u5fc3\u5efa\u7acb<\/strong><strong>\u6709\u6548\u8fde\u63a5<\/strong><strong>\uff0c<\/strong>\u4ee5\u5438\u5f15\u5916\u56fd\u7684\u76f4\u63a5\u6295\u8d44\u8fdb\u5165\u8be5\u5730\u533a\uff0c\u6211\u4eec\u56e2\u961f\u6b63\u5728\u5efa\u7acb\u6865\u6881\uff0c\u4e0d\u65ad\u6c9f\u901a\u5230\u66f4\u591a\u5bf9\u8be5\u5730\u533a\u8868\u73b0\u51fa\u6295\u8d44\u3001\u8d2d\u4e70\u548c\u6536\u8d2d\u5174\u8da3\u7684\u5173\u952e\u5546\u4e1a\u51b3\u7b56\u8005\u3002<\/p><p><strong>\u6211\u4eec<\/strong><strong>\u7684\u4e13\u4e1a\u7f51\u7edc\u6301\u7eed\u8fde\u63a5\u5404\u5927\u8d44\u672c<\/strong><strong>\u4e2d\u5fc3\uff1a<\/strong><\/p><ul><li>\u6b27\u76df\u5404\u56fd<\/li><li>\u7f8e\u56fd<\/li><li>\u82f1\u56fd<\/li><li>\u4e2d\u56fd<\/li><\/ul><p>\u642d\u5efa\u901a\u5f80\u5168\u7403\u5404\u8d44\u672c\u4e2d\u5fc3\u7684\u6865\u6881\uff0c\u5c31\u662f\u6211\u4eec\u7684\u4f7f\u547d\u3002\u5728\u6b64\u80cc\u666f\u4e0b\uff0c\u6211\u4eec<strong>\u63d0\u4f9b\u4ee5\u4e0b\u670d\u52a1\uff1a<\/strong><\/p><ul><li>\u652f\u6301\u4f01\u4e1a\u6240\u6709\u8005\u5c06\u516c\u53f8\u51fa\u552e\u7ed9\u6218\u7565\u5408\u4f5c\u4f19\u4f34\u548c\u6295\u8d44\u57fa\u91d1<\/li><li>\u7ec4\u7ec7\u83b7\u5f97\u5916\u56fd\u6295\u8d44\u8d44\u91d1\uff0c\u4ee5\u8fdb\u884c\u516c\u53f8\u8d44\u672c\u91cd\u7ec4<\/li><li>\u63d0\u4f9b\u4e0e\u5404\u4e2a\u516c\u53f8\u8fdb\u884c\u4e1a\u52a1\u5408\u4f5c\u7684\u9014\u5f84<\/li><li>\u5e2e\u52a9\u5916\u56fd\u516c\u53f8\u8fdb\u5165\u4e2d\u6b27-\u4e1c\u5357\u6b27\u533a\u57df\u5e02\u573a<\/li><li>\u5e2e\u52a9\u5916\u56fd\u6295\u8d44\u8005\u5728\u5927\u91cf\u516c\u53f8\u4e2d\u5bfb\u627e\u6536\u8d2d\u76ee\u6807<\/li><\/ul><p>\u5982\u679c\u60a8\u6b63\u5728\u5bfb\u627e\u56fd\u9645\u5e02\u573a\u7684\u6295\u8d44\u8005\u6216\u6218\u7565\u5408\u4f5c\u4f19\u4f34\uff0c\u4ee5\u5b9e\u73b0\u81ea\u8eab\u53d1\u5c55\u6216\u8fdb\u5165\u56fd\u9645\u5e02\u573a\uff0c\u8bf7\u4e0d\u8981\u72b9\u8c6b\uff0c\u6b22\u8fce\u968f\u65f6<strong><u>\u548c<\/u><\/strong><strong><u>\u6211\u4eec\u8054\u7cfb<\/u><\/strong>\u3002\u6211\u4eec\u975e\u5e38\u4e50\u610f\u63d0\u4f9b\u514d\u8d39\u54a8\u8be2\u4f1a\u8bae\u5e76\u4e0e\u60a8\u4f1a\u9762\uff0c\u5171\u540c\u63a2\u7d22\u5b9e\u73b0\u60a8\u4e1a\u52a1\u76ee\u6807\u7684\u6700\u4f18\u9009\u9879\u548c\u7406\u60f3\u9014\u5f84\u3002<\/p>\t\t\t\t\t\t<\/div>\n\t\t\t\t<\/div>\n\t\t\t\t\t<\/div>\n\t\t<\/div>\n\t\t\t\t\t\t\t<\/div>\n\t\t<\/section>\n\t\t\t\t<section class=\"elementor-section elementor-top-section elementor-element elementor-element-4ce7c18d elementor-section-boxed elementor-section-height-default elementor-section-height-default\" data-id=\"4ce7c18d\" data-element_type=\"section\">\n\t\t\t\t\t\t<div class=\"elementor-container elementor-column-gap-default\">\n\t\t\t\t\t<div class=\"elementor-column elementor-col-50 elementor-top-column elementor-element elementor-element-396cd753\" data-id=\"396cd753\" data-element_type=\"column\">\n\t\t\t<div class=\"elementor-widget-wrap\">\n\t\t\t\t\t\t\t\t\t<\/div>\n\t\t<\/div>\n\t\t\t\t<div class=\"elementor-column elementor-col-50 elementor-top-column elementor-element elementor-element-43c3791f\" data-id=\"43c3791f\" data-element_type=\"column\">\n\t\t\t<div class=\"elementor-widget-wrap elementor-element-populated\">\n\t\t\t\t\t\t\t\t<div class=\"elementor-element elementor-element-457e43b2 elementor-widget elementor-widget-heading\" data-id=\"457e43b2\" data-element_type=\"widget\" data-widget_type=\"heading.default\">\n\t\t\t\t<div class=\"elementor-widget-container\">\n\t\t\t<h2 class=\"elementor-heading-title elementor-size-default\">\u5176\u4ed6\u670d\u52a1<\/h2>\t\t<\/div>\n\t\t\t\t<\/div>\n\t\t\t\t\t<\/div>\n\t\t<\/div>\n\t\t\t\t\t\t\t<\/div>\n\t\t<\/section>\n\t\t\t\t<section class=\"elementor-section elementor-top-section elementor-element elementor-element-5cd642b3 elementor-section-boxed elementor-section-height-default elementor-section-height-default\" data-id=\"5cd642b3\" data-element_type=\"section\">\n\t\t\t\t\t\t<div class=\"elementor-container elementor-column-gap-default\">\n\t\t\t\t\t<div class=\"elementor-column elementor-col-33 elementor-top-column elementor-element elementor-element-9325853\" data-id=\"9325853\" data-element_type=\"column\">\n\t\t\t<div class=\"elementor-widget-wrap\">\n\t\t\t\t\t\t\t\t\t<\/div>\n\t\t<\/div>\n\t\t\t\t<div class=\"elementor-column elementor-col-33 elementor-top-column elementor-element elementor-element-43d8f432\" data-id=\"43d8f432\" data-element_type=\"column\">\n\t\t\t<div class=\"elementor-widget-wrap elementor-element-populated\">\n\t\t\t\t\t\t\t\t<div class=\"elementor-element elementor-element-5d60ad92 elementor-widget elementor-widget-image\" data-id=\"5d60ad92\" data-element_type=\"widget\" data-widget_type=\"image.default\">\n\t\t\t\t<div class=\"elementor-widget-container\">\n\t\t\t\t\t\t\t\t\t\t\t\t\t\t\t<img loading=\"lazy\" decoding=\"async\" width=\"1240\" height=\"969\" src=\"https:\/\/bora.partners\/wp-content\/uploads\/2022\/10\/BoraPartners-illustration-2.png\" class=\"attachment-full size-full wp-image-304\" alt=\"\" srcset=\"https:\/\/bora.partners\/wp-content\/uploads\/2022\/10\/BoraPartners-illustration-2.png 1240w, https:\/\/bora.partners\/wp-content\/uploads\/2022\/10\/BoraPartners-illustration-2-300x234.png 300w, https:\/\/bora.partners\/wp-content\/uploads\/2022\/10\/BoraPartners-illustration-2-1024x800.png 1024w, https:\/\/bora.partners\/wp-content\/uploads\/2022\/10\/BoraPartners-illustration-2-768x600.png 768w, https:\/\/bora.partners\/wp-content\/uploads\/2022\/10\/elementor\/thumbs\/BoraPartners-illustration-2-py1c0q6t59mi8d0d0uy3g4uhgxamik8zas0inzwaw0.png 799w\" sizes=\"auto, (max-width: 1240px) 100vw, 1240px\" \/>\t\t\t\t\t\t\t\t\t\t\t\t\t\t\t<\/div>\n\t\t\t\t<\/div>\n\t\t\t\t<div class=\"elementor-element elementor-element-5b02ea68 elementor-widget elementor-widget-text-editor\" data-id=\"5b02ea68\" data-element_type=\"widget\" data-widget_type=\"text-editor.default\">\n\t\t\t\t<div class=\"elementor-widget-container\">\n\t\t\t\t\t\t\t<p>\u4e13\u4e1a\u670d\u52a1<\/p>\t\t\t\t\t\t<\/div>\n\t\t\t\t<\/div>\n\t\t\t\t<div class=\"elementor-element elementor-element-2ef88f44 elementor-widget elementor-widget-heading\" data-id=\"2ef88f44\" data-element_type=\"widget\" data-widget_type=\"heading.default\">\n\t\t\t\t<div class=\"elementor-widget-container\">\n\t\t\t<h3 class=\"elementor-heading-title elementor-size-default\">\u51fa\u552e\u516c\u53f8<\/h3>\t\t<\/div>\n\t\t\t\t<\/div>\n\t\t\t\t<div class=\"elementor-element elementor-element-26d3b1a0 elementor-widget elementor-widget-text-editor\" data-id=\"26d3b1a0\" data-element_type=\"widget\" data-widget_type=\"text-editor.default\">\n\t\t\t\t<div class=\"elementor-widget-container\">\n\t\t\t\t\t\t\t<p><a href=\"https:\/\/bora.partners\/zh-hans\/services\/selling-company\/\">\u9605\u8bfb\u66f4\u591a<\/a><\/p>\t\t\t\t\t\t<\/div>\n\t\t\t\t<\/div>\n\t\t\t\t\t<\/div>\n\t\t<\/div>\n\t\t\t\t<div class=\"elementor-column elementor-col-33 elementor-top-column elementor-element elementor-element-138b9111\" data-id=\"138b9111\" data-element_type=\"column\">\n\t\t\t<div class=\"elementor-widget-wrap elementor-element-populated\">\n\t\t\t\t\t\t\t\t<div class=\"elementor-element elementor-element-2ad3fc96 elementor-widget elementor-widget-image\" data-id=\"2ad3fc96\" data-element_type=\"widget\" data-widget_type=\"image.default\">\n\t\t\t\t<div class=\"elementor-widget-container\">\n\t\t\t\t\t\t\t\t\t\t\t\t\t\t\t<img loading=\"lazy\" decoding=\"async\" width=\"1240\" height=\"969\" src=\"https:\/\/bora.partners\/wp-content\/uploads\/2022\/10\/BoraPartners-illustration-1.png\" class=\"attachment-full size-full wp-image-358\" alt=\"\" srcset=\"https:\/\/bora.partners\/wp-content\/uploads\/2022\/10\/BoraPartners-illustration-1.png 1240w, https:\/\/bora.partners\/wp-content\/uploads\/2022\/10\/BoraPartners-illustration-1-300x234.png 300w, https:\/\/bora.partners\/wp-content\/uploads\/2022\/10\/BoraPartners-illustration-1-1024x800.png 1024w, https:\/\/bora.partners\/wp-content\/uploads\/2022\/10\/BoraPartners-illustration-1-768x600.png 768w, https:\/\/bora.partners\/wp-content\/uploads\/2022\/10\/elementor\/thumbs\/BoraPartners-illustration-1-py1c0q6t59mi8d0d0uy3g4uhgxamik8zas0inzwaw0.png 799w\" sizes=\"auto, (max-width: 1240px) 100vw, 1240px\" \/>\t\t\t\t\t\t\t\t\t\t\t\t\t\t\t<\/div>\n\t\t\t\t<\/div>\n\t\t\t\t<div class=\"elementor-element elementor-element-5b09bad2 elementor-widget elementor-widget-text-editor\" data-id=\"5b09bad2\" data-element_type=\"widget\" data-widget_type=\"text-editor.default\">\n\t\t\t\t<div class=\"elementor-widget-container\">\n\t\t\t\t\t\t\t<p>\u4e13\u4e1a\u670d\u52a1<\/p>\t\t\t\t\t\t<\/div>\n\t\t\t\t<\/div>\n\t\t\t\t<div class=\"elementor-element elementor-element-4f5ef686 elementor-widget elementor-widget-heading\" data-id=\"4f5ef686\" data-element_type=\"widget\" data-widget_type=\"heading.default\">\n\t\t\t\t<div class=\"elementor-widget-container\">\n\t\t\t<h3 class=\"elementor-heading-title elementor-size-default\">\u6536\u8d2d\u516c\u53f8<\/h3>\t\t<\/div>\n\t\t\t\t<\/div>\n\t\t\t\t<div class=\"elementor-element elementor-element-2b564b2b elementor-widget elementor-widget-text-editor\" data-id=\"2b564b2b\" data-element_type=\"widget\" data-widget_type=\"text-editor.default\">\n\t\t\t\t<div class=\"elementor-widget-container\">\n\t\t\t\t\t\t\t<p><a href=\"https:\/\/bora.partners\/zh-hans\/services\/buying-and-acquiring-a-company\/\">\u9605\u8bfb\u66f4\u591a<\/a><\/p>\t\t\t\t\t\t<\/div>\n\t\t\t\t<\/div>\n\t\t\t\t\t<\/div>\n\t\t<\/div>\n\t\t\t\t\t\t\t<\/div>\n\t\t<\/section>\n\t\t\t\t\t\t\t<\/div>\n\t\t","protected":false},"excerpt":{"rendered":"<p>\u4e13\u4e1a\u670d\u52a1 \u56fd\u9645\u6574\u5408 \u591a\u6570\u6295\u8d44\u8005\u5f80\u5f80\u5ffd\u89c6\u65af\u6d1b\u6587\u5c3c\u4e9a\u548c\u5176\u4ed6\u4e2d\u6b27-\u4e1c\u5357\u6b27\u56fd\u5bb6\uff0c\u4e3b\u8981\u662f\u56e0\u4e3a\u8be5\u5730\u533a\u56fd\u5bb6\u89c4\u6a21\u5c0f\uff0c\u8d44\u672c\u5e02\u573a\u6b20 [&hellip;]<\/p>\n","protected":false},"author":1,"featured_media":0,"parent":3504,"menu_order":0,"comment_status":"closed","ping_status":"closed","template":"","meta":{"inline_featured_image":false,"footnotes":""},"class_list":["post-3465","page","type-page","status-publish","hentry"],"yoast_head":"<!-- This site is optimized with the Yoast SEO plugin v20.1 - https:\/\/yoast.com\/wordpress\/plugins\/seo\/ -->\n<title>\u56fd\u9645\u6574\u5408 - Bora partners<\/title>\n<meta name=\"robots\" content=\"index, follow, max-snippet:-1, max-image-preview:large, max-video-preview:-1\" \/>\n<link rel=\"canonical\" href=\"https:\/\/bora.partners\/zh-hans\/services\/international-integration\/\" \/>\n<meta property=\"og:locale\" content=\"zh_CN\" \/>\n<meta property=\"og:type\" content=\"article\" \/>\n<meta property=\"og:title\" content=\"\u56fd\u9645\u6574\u5408 - Bora partners\" \/>\n<meta property=\"og:description\" content=\"\u4e13\u4e1a\u670d\u52a1 \u56fd\u9645\u6574\u5408 \u591a\u6570\u6295\u8d44\u8005\u5f80\u5f80\u5ffd\u89c6\u65af\u6d1b\u6587\u5c3c\u4e9a\u548c\u5176\u4ed6\u4e2d\u6b27-\u4e1c\u5357\u6b27\u56fd\u5bb6\uff0c\u4e3b\u8981\u662f\u56e0\u4e3a\u8be5\u5730\u533a\u56fd\u5bb6\u89c4\u6a21\u5c0f\uff0c\u8d44\u672c\u5e02\u573a\u6b20 [&hellip;]\" \/>\n<meta property=\"og:url\" content=\"https:\/\/bora.partners\/zh-hans\/services\/international-integration\/\" \/>\n<meta property=\"og:site_name\" content=\"Bora partners\" \/>\n<meta property=\"article:modified_time\" content=\"2022-11-21T07:45:48+00:00\" \/>\n<meta property=\"og:image\" content=\"https:\/\/bora.partners\/wp-content\/uploads\/2022\/10\/BoraPartners-illustration-3-768x600.png\" \/>\n<meta name=\"twitter:card\" content=\"summary_large_image\" \/>\n<meta name=\"twitter:label1\" content=\"\u9884\u8ba1\u9605\u8bfb\u65f6\u95f4\" \/>\n\t<meta name=\"twitter:data1\" content=\"1 \u5206\" \/>\n<script type=\"application\/ld+json\" class=\"yoast-schema-graph\">{\"@context\":\"https:\/\/schema.org\",\"@graph\":[{\"@type\":\"WebPage\",\"@id\":\"https:\/\/bora.partners\/zh-hans\/services\/international-integration\/\",\"url\":\"https:\/\/bora.partners\/zh-hans\/services\/international-integration\/\",\"name\":\"\u56fd\u9645\u6574\u5408 - Bora partners\",\"isPartOf\":{\"@id\":\"https:\/\/bora.partners\/#website\"},\"datePublished\":\"2022-10-24T11:09:49+00:00\",\"dateModified\":\"2022-11-21T07:45:48+00:00\",\"breadcrumb\":{\"@id\":\"https:\/\/bora.partners\/zh-hans\/services\/international-integration\/#breadcrumb\"},\"inLanguage\":\"zh-Hans\",\"potentialAction\":[{\"@type\":\"ReadAction\",\"target\":[\"https:\/\/bora.partners\/zh-hans\/services\/international-integration\/\"]}]},{\"@type\":\"BreadcrumbList\",\"@id\":\"https:\/\/bora.partners\/zh-hans\/services\/international-integration\/#breadcrumb\",\"itemListElement\":[{\"@type\":\"ListItem\",\"position\":1,\"name\":\"Home\",\"item\":\"https:\/\/bora.partners\/zh-hans\/\"},{\"@type\":\"ListItem\",\"position\":2,\"name\":\"\u4e13\u4e1a\u670d\u52a1\",\"item\":\"https:\/\/bora.partners\/zh-hans\/services\/\"},{\"@type\":\"ListItem\",\"position\":3,\"name\":\"\u56fd\u9645\u6574\u5408\"}]},{\"@type\":\"WebSite\",\"@id\":\"https:\/\/bora.partners\/#website\",\"url\":\"https:\/\/bora.partners\/\",\"name\":\"Bora partners\",\"description\":\"\u0160e eno spleti\u0161\u010de WordPress\",\"publisher\":{\"@id\":\"https:\/\/bora.partners\/#organization\"},\"potentialAction\":[{\"@type\":\"SearchAction\",\"target\":{\"@type\":\"EntryPoint\",\"urlTemplate\":\"https:\/\/bora.partners\/?s={search_term_string}\"},\"query-input\":\"required name=search_term_string\"}],\"inLanguage\":\"zh-Hans\"},{\"@type\":\"Organization\",\"@id\":\"https:\/\/bora.partners\/#organization\",\"name\":\"Bora partners\",\"url\":\"https:\/\/bora.partners\/\",\"logo\":{\"@type\":\"ImageObject\",\"inLanguage\":\"zh-Hans\",\"@id\":\"https:\/\/bora.partners\/#\/schema\/logo\/image\/\",\"url\":\"https:\/\/bora.partners\/wp-content\/uploads\/2022\/10\/BoraPartners_Preferred_Logo_Negative_RGB-1.png\",\"contentUrl\":\"https:\/\/bora.partners\/wp-content\/uploads\/2022\/10\/BoraPartners_Preferred_Logo_Negative_RGB-1.png\",\"width\":242,\"height\":73,\"caption\":\"Bora partners\"},\"image\":{\"@id\":\"https:\/\/bora.partners\/#\/schema\/logo\/image\/\"}}]}<\/script>\n<!-- \/ Yoast SEO plugin. -->","yoast_head_json":{"title":"\u56fd\u9645\u6574\u5408 - Bora partners","robots":{"index":"index","follow":"follow","max-snippet":"max-snippet:-1","max-image-preview":"max-image-preview:large","max-video-preview":"max-video-preview:-1"},"canonical":"https:\/\/bora.partners\/zh-hans\/services\/international-integration\/","og_locale":"zh_CN","og_type":"article","og_title":"\u56fd\u9645\u6574\u5408 - Bora partners","og_description":"\u4e13\u4e1a\u670d\u52a1 \u56fd\u9645\u6574\u5408 \u591a\u6570\u6295\u8d44\u8005\u5f80\u5f80\u5ffd\u89c6\u65af\u6d1b\u6587\u5c3c\u4e9a\u548c\u5176\u4ed6\u4e2d\u6b27-\u4e1c\u5357\u6b27\u56fd\u5bb6\uff0c\u4e3b\u8981\u662f\u56e0\u4e3a\u8be5\u5730\u533a\u56fd\u5bb6\u89c4\u6a21\u5c0f\uff0c\u8d44\u672c\u5e02\u573a\u6b20 [&hellip;]","og_url":"https:\/\/bora.partners\/zh-hans\/services\/international-integration\/","og_site_name":"Bora partners","article_modified_time":"2022-11-21T07:45:48+00:00","og_image":[{"url":"https:\/\/bora.partners\/wp-content\/uploads\/2022\/10\/BoraPartners-illustration-3-768x600.png"}],"twitter_card":"summary_large_image","twitter_misc":{"\u9884\u8ba1\u9605\u8bfb\u65f6\u95f4":"1 \u5206"},"schema":{"@context":"https:\/\/schema.org","@graph":[{"@type":"WebPage","@id":"https:\/\/bora.partners\/zh-hans\/services\/international-integration\/","url":"https:\/\/bora.partners\/zh-hans\/services\/international-integration\/","name":"\u56fd\u9645\u6574\u5408 - Bora partners","isPartOf":{"@id":"https:\/\/bora.partners\/#website"},"datePublished":"2022-10-24T11:09:49+00:00","dateModified":"2022-11-21T07:45:48+00:00","breadcrumb":{"@id":"https:\/\/bora.partners\/zh-hans\/services\/international-integration\/#breadcrumb"},"inLanguage":"zh-Hans","potentialAction":[{"@type":"ReadAction","target":["https:\/\/bora.partners\/zh-hans\/services\/international-integration\/"]}]},{"@type":"BreadcrumbList","@id":"https:\/\/bora.partners\/zh-hans\/services\/international-integration\/#breadcrumb","itemListElement":[{"@type":"ListItem","position":1,"name":"Home","item":"https:\/\/bora.partners\/zh-hans\/"},{"@type":"ListItem","position":2,"name":"\u4e13\u4e1a\u670d\u52a1","item":"https:\/\/bora.partners\/zh-hans\/services\/"},{"@type":"ListItem","position":3,"name":"\u56fd\u9645\u6574\u5408"}]},{"@type":"WebSite","@id":"https:\/\/bora.partners\/#website","url":"https:\/\/bora.partners\/","name":"Bora partners","description":"\u0160e eno spleti\u0161\u010de WordPress","publisher":{"@id":"https:\/\/bora.partners\/#organization"},"potentialAction":[{"@type":"SearchAction","target":{"@type":"EntryPoint","urlTemplate":"https:\/\/bora.partners\/?s={search_term_string}"},"query-input":"required name=search_term_string"}],"inLanguage":"zh-Hans"},{"@type":"Organization","@id":"https:\/\/bora.partners\/#organization","name":"Bora partners","url":"https:\/\/bora.partners\/","logo":{"@type":"ImageObject","inLanguage":"zh-Hans","@id":"https:\/\/bora.partners\/#\/schema\/logo\/image\/","url":"https:\/\/bora.partners\/wp-content\/uploads\/2022\/10\/BoraPartners_Preferred_Logo_Negative_RGB-1.png","contentUrl":"https:\/\/bora.partners\/wp-content\/uploads\/2022\/10\/BoraPartners_Preferred_Logo_Negative_RGB-1.png","width":242,"height":73,"caption":"Bora partners"},"image":{"@id":"https:\/\/bora.partners\/#\/schema\/logo\/image\/"}}]}},"_links":{"self":[{"href":"https:\/\/bora.partners\/zh-hans\/wp-json\/wp\/v2\/pages\/3465","targetHints":{"allow":["GET"]}}],"collection":[{"href":"https:\/\/bora.partners\/zh-hans\/wp-json\/wp\/v2\/pages"}],"about":[{"href":"https:\/\/bora.partners\/zh-hans\/wp-json\/wp\/v2\/types\/page"}],"author":[{"embeddable":true,"href":"https:\/\/bora.partners\/zh-hans\/wp-json\/wp\/v2\/users\/1"}],"replies":[{"embeddable":true,"href":"https:\/\/bora.partners\/zh-hans\/wp-json\/wp\/v2\/comments?post=3465"}],"version-history":[{"count":1,"href":"https:\/\/bora.partners\/zh-hans\/wp-json\/wp\/v2\/pages\/3465\/revisions"}],"predecessor-version":[{"id":4492,"href":"https:\/\/bora.partners\/zh-hans\/wp-json\/wp\/v2\/pages\/3465\/revisions\/4492"}],"up":[{"embeddable":true,"href":"https:\/\/bora.partners\/zh-hans\/wp-json\/wp\/v2\/pages\/3504"}],"wp:attachment":[{"href":"https:\/\/bora.partners\/zh-hans\/wp-json\/wp\/v2\/media?parent=3465"}],"curies":[{"name":"wp","href":"https:\/\/api.w.org\/{rel}","templated":true}]}}