{"id":3598,"date":"2022-10-24T16:58:36","date_gmt":"2022-10-24T14:58:36","guid":{"rendered":"https:\/\/bora.partners\/privacy-policy\/"},"modified":"2022-11-21T08:47:04","modified_gmt":"2022-11-21T07:47:04","slug":"privacy-policy","status":"publish","type":"page","link":"https:\/\/bora.partners\/zh-hans\/privacy-policy\/","title":{"rendered":"\u9690\u79c1\u653f\u7b56"},"content":{"rendered":"\t\t<div data-elementor-type=\"wp-page\" data-elementor-id=\"3598\" class=\"elementor elementor-3598 elementor-63\">\n\t\t\t\t\t\t\t\t\t<section class=\"elementor-section elementor-top-section elementor-element elementor-element-57a90d5 elementor-section-full_width elementor-section-height-min-height elementor-section-stretched elementor-section-height-default elementor-section-items-middle\" data-id=\"57a90d5\" data-element_type=\"section\" data-settings=\"{&quot;stretch_section&quot;:&quot;section-stretched&quot;,&quot;background_background&quot;:&quot;slideshow&quot;,&quot;background_slideshow_gallery&quot;:[{&quot;id&quot;:1102,&quot;url&quot;:&quot;https:\\\/\\\/bora.partners\\\/wp-content\\\/uploads\\\/2022\\\/10\\\/single-service-2.jpg&quot;}],&quot;background_slideshow_loop&quot;:&quot;yes&quot;,&quot;background_slideshow_slide_duration&quot;:5000,&quot;background_slideshow_slide_transition&quot;:&quot;fade&quot;,&quot;background_slideshow_transition_duration&quot;:500}\">\n\t\t\t\t\t\t<div class=\"elementor-container elementor-column-gap-default\">\n\t\t\t\t\t<div class=\"elementor-column elementor-col-100 elementor-top-column elementor-element elementor-element-22cbe19\" data-id=\"22cbe19\" data-element_type=\"column\">\n\t\t\t<div class=\"elementor-widget-wrap\">\n\t\t\t\t\t\t\t\t\t<\/div>\n\t\t<\/div>\n\t\t\t\t\t\t\t<\/div>\n\t\t<\/section>\n\t\t\t\t<section class=\"elementor-section elementor-top-section elementor-element elementor-element-30900d4 elementor-section-boxed elementor-section-height-default elementor-section-height-default\" data-id=\"30900d4\" data-element_type=\"section\">\n\t\t\t\t\t\t<div class=\"elementor-container elementor-column-gap-default\">\n\t\t\t\t\t<div class=\"elementor-column elementor-col-100 elementor-top-column elementor-element elementor-element-81c6620\" data-id=\"81c6620\" data-element_type=\"column\">\n\t\t\t<div class=\"elementor-widget-wrap elementor-element-populated\">\n\t\t\t\t\t\t\t\t<div class=\"elementor-element elementor-element-924f424 elementor-widget elementor-widget-heading\" data-id=\"924f424\" data-element_type=\"widget\" data-widget_type=\"heading.default\">\n\t\t\t\t<div class=\"elementor-widget-container\">\n\t\t\t<style>\/*! elementor - v3.11.2 - 22-02-2023 *\/\n.elementor-heading-title{padding:0;margin:0;line-height:1}.elementor-widget-heading .elementor-heading-title[class*=elementor-size-]>a{color:inherit;font-size:inherit;line-height:inherit}.elementor-widget-heading .elementor-heading-title.elementor-size-small{font-size:15px}.elementor-widget-heading .elementor-heading-title.elementor-size-medium{font-size:19px}.elementor-widget-heading .elementor-heading-title.elementor-size-large{font-size:29px}.elementor-widget-heading .elementor-heading-title.elementor-size-xl{font-size:39px}.elementor-widget-heading .elementor-heading-title.elementor-size-xxl{font-size:59px}<\/style><h2 class=\"elementor-heading-title elementor-size-default\">\u9690\u79c1\u653f\u7b56<\/h2>\t\t<\/div>\n\t\t\t\t<\/div>\n\t\t\t\t\t<\/div>\n\t\t<\/div>\n\t\t\t\t\t\t\t<\/div>\n\t\t<\/section>\n\t\t\t\t<section class=\"elementor-section elementor-top-section elementor-element elementor-element-50d2966 elementor-section-boxed elementor-section-height-default elementor-section-height-default\" data-id=\"50d2966\" data-element_type=\"section\">\n\t\t\t\t\t\t<div class=\"elementor-container elementor-column-gap-default\">\n\t\t\t\t\t<div class=\"elementor-column elementor-col-100 elementor-top-column elementor-element elementor-element-71a825a\" data-id=\"71a825a\" data-element_type=\"column\">\n\t\t\t<div class=\"elementor-widget-wrap elementor-element-populated\">\n\t\t\t\t\t\t\t\t<div class=\"elementor-element elementor-element-50d2f8e elementor-widget elementor-widget-text-editor\" data-id=\"50d2f8e\" data-element_type=\"widget\" data-widget_type=\"text-editor.default\">\n\t\t\t\t<div class=\"elementor-widget-container\">\n\t\t\t<style>\/*! elementor - v3.11.2 - 22-02-2023 *\/\n.elementor-widget-text-editor.elementor-drop-cap-view-stacked .elementor-drop-cap{background-color:#818a91;color:#fff}.elementor-widget-text-editor.elementor-drop-cap-view-framed .elementor-drop-cap{color:#818a91;border:3px solid;background-color:transparent}.elementor-widget-text-editor:not(.elementor-drop-cap-view-default) .elementor-drop-cap{margin-top:8px}.elementor-widget-text-editor:not(.elementor-drop-cap-view-default) .elementor-drop-cap-letter{width:1em;height:1em}.elementor-widget-text-editor .elementor-drop-cap{float:left;text-align:center;line-height:1;font-size:50px}.elementor-widget-text-editor .elementor-drop-cap-letter{display:inline-block}<\/style>\t\t\t\t<div class=\"elementor-element elementor-element-c80da2e elementor-widget elementor-widget-heading\" data-id=\"c80da2e\" data-element_type=\"widget\" data-widget_type=\"heading.default\"><div class=\"elementor-widget-container\"><div class=\"elementor-element elementor-element-c80da2e elementor-widget elementor-widget-heading\" data-id=\"c80da2e\" data-element_type=\"widget\" data-widget_type=\"heading.default\"><div class=\"elementor-widget-container\"><h3>\u5bf9\u4fe1\u4efb\u7684\u627f\u8bfa<\/h3><p>\u6211\u4eec\u516c\u53f8\u81f4\u529b\u4e8e\u8c28\u614e\u5904\u7406\u5ba2\u6237\u3001\u5408\u4f5c\u4f19\u4f34\u548c\u5176\u4ed6\u5458\u5de5\u7684\u654f\u611f\u6570\u636e\u3002 \u8fd9\u4e5f\u53cd\u6620\u5728\u6211\u4eec\u7684\u4ef7\u503c\u89c2\u3001\u6b63\u76f4\u548c\u4fe1\u4efb\u5904\u4e8e\u6700\u9ad8\u5730\u4f4d\u3002<\/p><\/div><\/div><div class=\"elementor-element elementor-element-acc454b elementor-widget elementor-widget-heading\" data-id=\"acc454b\" data-element_type=\"widget\" data-widget_type=\"heading.default\"><div class=\"elementor-widget-container\"><h3>\u4fdd\u5bc6<\/h3><p>\u6211\u4eec\u4e25\u683c\u5c0a\u91cd\u5ba2\u6237\u7684\u673a\u5bc6\u6027\u3002 \u6bcf\u6761\u4f20\u5165\u7684\u4fe1\u606f\u3001\u6267\u884c\u7684\u670d\u52a1\u4ee5\u53ca\u4f1a\u8bae\u7684\u5168\u90e8\u5185\u5bb9\u90fd\u662f\u5982\u6b64\u3002 \u65e0\u8bba\u670d\u52a1\u7684\u533a\u57df\u548c\u8303\u56f4\u4ee5\u53ca\u516c\u53f8\u7684\u6210\u957f\u9636\u6bb5\u5982\u4f55\uff0c\u90fd\u4fdd\u8bc1\u4fdd\u5bc6\u3002 \u5728\u5f00\u59cb\u5408\u4f5c\u4e4b\u524d\uff0c\u6211\u4eec\u8fd8\u7b7e\u7f72\u4e86 NDA\u3002<br \/>\u4e3a\u6211\u4eec\u7684\u5ba2\u6237\u611f\u5230\u81ea\u8c6a\u5e76\u91c7\u7528\u957f\u671f\u5408\u4f5c\u7684\u539f\u5219\uff0c\u6211\u4eec\u5f88\u9ad8\u5174\u5c06\u60a8\u5217\u5165\u6211\u4eec\u7684\u63a8\u8350\u4eba\u540d\u5355 &#8211; \u5f53\u7136\u53ea\u6709\u5728\u60a8\u5141\u8bb8\u5e76\u5f81\u5f97\u60a8\u7684\u540c\u610f\u4e4b\u540e\u3002<\/p><\/div><\/div><div class=\"elementor-element elementor-element-c0a0067 elementor-widget elementor-widget-heading\" data-id=\"c0a0067\" data-element_type=\"widget\" data-widget_type=\"heading.default\"><div class=\"elementor-widget-container\"><h3>\u6536\u96c6\u6570\u636e\u548c\u6570\u636e\u5e93<\/h3><p>\u5ba2\u6237\u7684\u6570\u636e\u662f\u901a\u8fc7\u7f51\u7edc\u8868\u683c\u6536\u96c6\u7684\uff0c\u7528\u4e8e\u67e5\u8be2\u3001\u6211\u4eec\u7684\u65f6\u4e8b\u901a\u8baf\u4ee5\u53ca\u5176\u4ed6\u6e20\u9053\u3002 \u8fd9\u4f7f\u60a8\u80fd\u591f\u81ea\u884c\u8054\u7cfb\u6211\u4eec\u5e76\u83b7\u5f97\u6839\u636e\u60a8\u7684\u9700\u6c42\u91cf\u8eab\u5b9a\u5236\u7684\u62a5\u4ef7\u3002<br \/>\u5728\u63a5\u53d7\u62a5\u4ef7\u5e76\u7b7e\u7f72\u5408\u540c\u540e\uff0c\u6211\u4eec\u4f1a\u4ece\u60a8\u90a3\u91cc\u6536\u96c6\u6240\u6709\u5546\u5b9a\u7684\u4fe1\u606f\uff0c\u7136\u540e\u8fd9\u4e9b\u4fe1\u606f\u5c06\u7528\u4e8e\u4ee5\u6700\u4f73\u8d28\u91cf\u6267\u884c\u6211\u4eec\u7684\u670d\u52a1\u3002 \u6240\u6709\u6536\u96c6\u5230\u7684\u4fe1\u606f\u3001\u6240\u6709\u6587\u4ef6\u548c\u4f1a\u8bae\u5185\u5bb9\u90fd\u88ab\u89c6\u4e3a\u9ad8\u5ea6\u673a\u5bc6\u4fe1\u606f\u3002<br \/>\u6211\u4eec\u6839\u636e\u9002\u7528\u7684\u6cd5\u89c4\u548c\u6cd5\u5f8b\u5904\u7406\u6211\u4eec\u7684\u6587\u4ef6\u3001\u6570\u636e\u548c\u6570\u636e\u5e93\u3002<\/p><\/div><\/div><div class=\"elementor-element elementor-element-a2da26d elementor-widget elementor-widget-heading\" data-id=\"a2da26d\" data-element_type=\"widget\" data-widget_type=\"heading.default\"><div class=\"elementor-widget-container\"><h3>\u5ba2\u6237\u6570\u636e\u7684\u4f7f\u7528<\/h3><p>\u4ece\u6211\u4eec\u7684\u5ba2\u6237\u90a3\u91cc\u6536\u96c6\u7684\u4fe1\u606f\u7684\u4f7f\u7528\u65b9\u5f0f\u662f\u4e3a\u4e86\u5b9e\u73b0\u6211\u4eec\u670d\u52a1\u7684\u6700\u4f73\u8d28\u91cf\u3002 \u8fd9\u610f\u5473\u7740\u8be5\u4fe1\u606f\u4e5f\u88ab\u63d0\u4f9b\u7ed9\u6700\u6709\u8d44\u683c\u6267\u884c\u8be5\u670d\u52a1\u7684\u4e13\u5bb6\u3002<br \/>\u5728\u67d0\u4e9b\u60c5\u51b5\u4e0b\uff0c\u8fd9\u5c06\u662f\u516c\u53f8\u7684\u5458\u5de5\uff0c\u5728\u5176\u4ed6\u60c5\u51b5\u4e0b\uff0c\u662f\u6211\u4eec\u7684\u5408\u540c\u540c\u4e8b\u6216\u5408\u4f5c\u4f19\u4f34\u3002 \u6bcf\u4e2a\u6709\u6743\u8bbf\u95ee\u4fe1\u606f\u7684\u4eba\u90fd\u4e0e\u6211\u4eec\u516c\u53f8\u7b7e\u7f72\u4e86\u4fdd\u5bc6\u534f\u8bae\u3002 \u6211\u4eec\u4e5f\u53ea\u4f1a\u4e0e\u5206\u4eab\u6211\u4eec\u81ea\u5df1\u4ef7\u503c\u89c2\u7684\u4e13\u5bb6\u5408\u4f5c\uff08\u4fe1\u4efb\u662f\u6700\u91cd\u8981\u7684\uff09\u3002<br \/>\u60a8\u7684\u4e2a\u4eba\u6570\u636e\u3001\u4fe1\u606f\u548c\u6587\u4ef6\u7edd\u4e0d\u4f1a\u8f6c\u53d1\u7ed9\u7b2c\u4e09\u65b9\u3002<\/p><\/div><\/div><div class=\"elementor-element elementor-element-a547631 elementor-widget elementor-widget-heading\" data-id=\"a547631\" data-element_type=\"widget\" data-widget_type=\"heading.default\"><div class=\"elementor-widget-container\"><h3>\u6570\u636e\u4fdd\u62a4<\/h3><p>\u6211\u4eec\u81f4\u529b\u4e8e\u786e\u4fdd\u516c\u53f8\u5404\u4e2a\u5c42\u9762\u7684\u6570\u636e\u4fdd\u62a4\u3002 \u4ee5\u4e0b\u662f\u4e00\u4e9b\u8003\u8651\u5230\u8fd9\u4e00\u70b9\u800c\u91c7\u53d6\u7684\u63aa\u65bd\u7684\u4f8b\u5b50\uff1a<\/p><p>\u5728\u6211\u4eec\u5efa\u7acb\u6b63\u5f0f\u4e1a\u52a1\u5173\u7cfb\u4e4b\u524d\u4e0e\u5ba2\u6237\u8ba8\u8bba\u6570\u636e\u4fdd\u5bc6\u6027\uff1b \u8bb0\u5f55\u5e76\u8003\u8651\u5ba2\u6237\u7684\u610f\u613f\uff1b<br \/>\u6211\u4eec\u6240\u6709\u7684\u5458\u5de5\u3001\u5408\u540c\u548c\u5176\u4ed6\u5408\u4f5c\u4f19\u4f34\u90fd\u7b7e\u7f72\u4e86\u4e25\u683c\u7684\u4fdd\u5bc6\u534f\u8bae\uff1b<br \/>\u6211\u4eec\u53ea\u4f7f\u7528\u6700\u65b0\u7684\u8f6f\u4ef6\u548c\u786c\u4ef6\uff0c\u4e3a\u6211\u4eec\u63d0\u4f9b\u6700\u9ad8\u7ea7\u522b\u7684\u5b89\u5168\u6027\u3002<\/p><\/div><\/div><div class=\"elementor-element elementor-element-14dc915 elementor-widget elementor-widget-heading\" data-id=\"14dc915\" data-element_type=\"widget\" data-widget_type=\"heading.default\"><div class=\"elementor-widget-container\"><h3>\u4fdd\u5bc6\u534f\u8bae (NDA)<\/h3><p>\u5982\u679c\u5ba2\u6237\u5e0c\u671b\u4e0e\u6211\u4eec\u7b7e\u8ba2\u4fdd\u5bc6\u534f\u8bae\uff0c\u6211\u4eec\u6ca1\u6709\u7406\u7531\u4e0d\u9075\u5b88\u3002 \u4e3a\u6b64\uff0c\u6211\u4eec\u51c6\u5907\u4e86\u4e00\u4efd\u793a\u8303\u6587\u4ef6\u3002<br \/>\u5982\u679c\u5ba2\u6237\u5e0c\u671b\u4f7f\u7528\u81ea\u5df1\u7684\u6a21\u677f\u7b7e\u7f72 NDA\uff0c\u6211\u4eec\u9700\u8981\u4e8b\u5148\u901a\u77e5\u3002 \u5728\u53d1\u9001\u4efb\u4f55\u5176\u4ed6\u4fe1\u606f\u548c\u7ec4\u7ec7\u4f1a\u8bae\u4e4b\u524d\uff0c\u6211\u4eec\u7684\u56e2\u961f\u5e94\u5ba1\u67e5\u8be5\u6587\u4ef6\u3002<\/p><\/div><\/div><div class=\"elementor-element elementor-element-5e229bc elementor-widget elementor-widget-heading\" data-id=\"5e229bc\" data-element_type=\"widget\" data-widget_type=\"heading.default\"><div class=\"elementor-widget-container\"><h3>\u66f4\u6539\u6216\u5220\u9664\u60a8\u7684\u4fe1\u606f<\/h3><p>\u5982\u679c\u60a8\u5e0c\u671b\u62a5\u544a\u60a8\u7684\u4e2a\u4eba\u6570\u636e\u7684\u66f4\u6539\u6216\u5e0c\u671b\u4ece\u65b0\u95fb\u901a\u8baf\u7684\u6ce8\u518c\u8868\u4e2d\u5220\u9664\uff0c\u8bf7\u7ed9\u6211\u4eec\u6253\u7535\u8bdd\u6216\u7ed9\u6211\u4eec\u53d1\u9001\u7535\u5b50\u90ae\u4ef6\u3002<\/p><\/div><\/div><div class=\"elementor-element elementor-element-d307e6c elementor-widget elementor-widget-heading\" data-id=\"d307e6c\" data-element_type=\"widget\" data-widget_type=\"heading.default\"><div class=\"elementor-widget-container\"><h3>\u63a5\u89e6<\/h3><p>\u5982\u679c\u60a8\u5bf9\u6211\u4eec\u7684\u4e2a\u4eba\u6570\u636e\u548c\u4fe1\u606f\u4fdd\u62a4\u653f\u7b56\u6709\u4efb\u4f55\u7591\u95ee\uff0c\u60a8\u53ef\u4ee5\u968f\u65f6\u901a\u8fc7\u7535\u8bdd\u4e0e\u6211\u4eec\u8054\u7cfb\u3002<\/p><\/div><\/div><\/div><\/div>\t\t\t\t\t\t<\/div>\n\t\t\t\t<\/div>\n\t\t\t\t\t<\/div>\n\t\t<\/div>\n\t\t\t\t\t\t\t<\/div>\n\t\t<\/section>\n\t\t\t\t\t\t\t<\/div>\n\t\t","protected":false},"excerpt":{"rendered":"<p>\u9690\u79c1\u653f\u7b56 \u5bf9\u4fe1\u4efb\u7684\u627f\u8bfa \u6211\u4eec\u516c\u53f8\u81f4\u529b\u4e8e\u8c28\u614e\u5904\u7406\u5ba2\u6237\u3001\u5408\u4f5c\u4f19\u4f34\u548c\u5176\u4ed6\u5458\u5de5\u7684\u654f\u611f\u6570\u636e\u3002 \u8fd9\u4e5f\u53cd\u6620\u5728\u6211\u4eec\u7684\u4ef7\u503c\u89c2\u3001\u6b63 [&hellip;]<\/p>\n","protected":false},"author":1,"featured_media":0,"parent":0,"menu_order":0,"comment_status":"closed","ping_status":"closed","template":"","meta":{"inline_featured_image":false,"footnotes":""},"class_list":["post-3598","page","type-page","status-publish","hentry"],"yoast_head":"<!-- This site is optimized with the Yoast SEO plugin v20.1 - https:\/\/yoast.com\/wordpress\/plugins\/seo\/ -->\n<title>\u9690\u79c1\u653f\u7b56 - Bora partners<\/title>\n<meta name=\"robots\" content=\"index, follow, max-snippet:-1, max-image-preview:large, max-video-preview:-1\" \/>\n<link rel=\"canonical\" href=\"https:\/\/bora.partners\/zh-hans\/privacy-policy\/\" \/>\n<meta property=\"og:locale\" content=\"zh_CN\" \/>\n<meta property=\"og:type\" content=\"article\" \/>\n<meta property=\"og:title\" content=\"\u9690\u79c1\u653f\u7b56 - Bora partners\" \/>\n<meta property=\"og:description\" content=\"\u9690\u79c1\u653f\u7b56 \u5bf9\u4fe1\u4efb\u7684\u627f\u8bfa \u6211\u4eec\u516c\u53f8\u81f4\u529b\u4e8e\u8c28\u614e\u5904\u7406\u5ba2\u6237\u3001\u5408\u4f5c\u4f19\u4f34\u548c\u5176\u4ed6\u5458\u5de5\u7684\u654f\u611f\u6570\u636e\u3002 \u8fd9\u4e5f\u53cd\u6620\u5728\u6211\u4eec\u7684\u4ef7\u503c\u89c2\u3001\u6b63 [&hellip;]\" \/>\n<meta property=\"og:url\" content=\"https:\/\/bora.partners\/zh-hans\/privacy-policy\/\" \/>\n<meta property=\"og:site_name\" content=\"Bora partners\" \/>\n<meta property=\"article:modified_time\" content=\"2022-11-21T07:47:04+00:00\" \/>\n<meta name=\"twitter:card\" content=\"summary_large_image\" \/>\n<meta name=\"twitter:label1\" content=\"\u9884\u8ba1\u9605\u8bfb\u65f6\u95f4\" \/>\n\t<meta name=\"twitter:data1\" content=\"1 \u5206\" \/>\n<script type=\"application\/ld+json\" class=\"yoast-schema-graph\">{\"@context\":\"https:\/\/schema.org\",\"@graph\":[{\"@type\":\"WebPage\",\"@id\":\"https:\/\/bora.partners\/zh-hans\/privacy-policy\/\",\"url\":\"https:\/\/bora.partners\/zh-hans\/privacy-policy\/\",\"name\":\"\u9690\u79c1\u653f\u7b56 - Bora partners\",\"isPartOf\":{\"@id\":\"https:\/\/bora.partners\/#website\"},\"datePublished\":\"2022-10-24T14:58:36+00:00\",\"dateModified\":\"2022-11-21T07:47:04+00:00\",\"breadcrumb\":{\"@id\":\"https:\/\/bora.partners\/zh-hans\/privacy-policy\/#breadcrumb\"},\"inLanguage\":\"zh-Hans\",\"potentialAction\":[{\"@type\":\"ReadAction\",\"target\":[\"https:\/\/bora.partners\/zh-hans\/privacy-policy\/\"]}]},{\"@type\":\"BreadcrumbList\",\"@id\":\"https:\/\/bora.partners\/zh-hans\/privacy-policy\/#breadcrumb\",\"itemListElement\":[{\"@type\":\"ListItem\",\"position\":1,\"name\":\"Home\",\"item\":\"https:\/\/bora.partners\/zh-hans\/\"},{\"@type\":\"ListItem\",\"position\":2,\"name\":\"\u9690\u79c1\u653f\u7b56\"}]},{\"@type\":\"WebSite\",\"@id\":\"https:\/\/bora.partners\/#website\",\"url\":\"https:\/\/bora.partners\/\",\"name\":\"Bora partners\",\"description\":\"\u0160e eno spleti\u0161\u010de WordPress\",\"publisher\":{\"@id\":\"https:\/\/bora.partners\/#organization\"},\"potentialAction\":[{\"@type\":\"SearchAction\",\"target\":{\"@type\":\"EntryPoint\",\"urlTemplate\":\"https:\/\/bora.partners\/?s={search_term_string}\"},\"query-input\":\"required name=search_term_string\"}],\"inLanguage\":\"zh-Hans\"},{\"@type\":\"Organization\",\"@id\":\"https:\/\/bora.partners\/#organization\",\"name\":\"Bora partners\",\"url\":\"https:\/\/bora.partners\/\",\"logo\":{\"@type\":\"ImageObject\",\"inLanguage\":\"zh-Hans\",\"@id\":\"https:\/\/bora.partners\/#\/schema\/logo\/image\/\",\"url\":\"https:\/\/bora.partners\/wp-content\/uploads\/2022\/10\/BoraPartners_Preferred_Logo_Negative_RGB-1.png\",\"contentUrl\":\"https:\/\/bora.partners\/wp-content\/uploads\/2022\/10\/BoraPartners_Preferred_Logo_Negative_RGB-1.png\",\"width\":242,\"height\":73,\"caption\":\"Bora partners\"},\"image\":{\"@id\":\"https:\/\/bora.partners\/#\/schema\/logo\/image\/\"}}]}<\/script>\n<!-- \/ Yoast SEO plugin. -->","yoast_head_json":{"title":"\u9690\u79c1\u653f\u7b56 - Bora partners","robots":{"index":"index","follow":"follow","max-snippet":"max-snippet:-1","max-image-preview":"max-image-preview:large","max-video-preview":"max-video-preview:-1"},"canonical":"https:\/\/bora.partners\/zh-hans\/privacy-policy\/","og_locale":"zh_CN","og_type":"article","og_title":"\u9690\u79c1\u653f\u7b56 - Bora partners","og_description":"\u9690\u79c1\u653f\u7b56 \u5bf9\u4fe1\u4efb\u7684\u627f\u8bfa \u6211\u4eec\u516c\u53f8\u81f4\u529b\u4e8e\u8c28\u614e\u5904\u7406\u5ba2\u6237\u3001\u5408\u4f5c\u4f19\u4f34\u548c\u5176\u4ed6\u5458\u5de5\u7684\u654f\u611f\u6570\u636e\u3002 \u8fd9\u4e5f\u53cd\u6620\u5728\u6211\u4eec\u7684\u4ef7\u503c\u89c2\u3001\u6b63 [&hellip;]","og_url":"https:\/\/bora.partners\/zh-hans\/privacy-policy\/","og_site_name":"Bora partners","article_modified_time":"2022-11-21T07:47:04+00:00","twitter_card":"summary_large_image","twitter_misc":{"\u9884\u8ba1\u9605\u8bfb\u65f6\u95f4":"1 \u5206"},"schema":{"@context":"https:\/\/schema.org","@graph":[{"@type":"WebPage","@id":"https:\/\/bora.partners\/zh-hans\/privacy-policy\/","url":"https:\/\/bora.partners\/zh-hans\/privacy-policy\/","name":"\u9690\u79c1\u653f\u7b56 - Bora partners","isPartOf":{"@id":"https:\/\/bora.partners\/#website"},"datePublished":"2022-10-24T14:58:36+00:00","dateModified":"2022-11-21T07:47:04+00:00","breadcrumb":{"@id":"https:\/\/bora.partners\/zh-hans\/privacy-policy\/#breadcrumb"},"inLanguage":"zh-Hans","potentialAction":[{"@type":"ReadAction","target":["https:\/\/bora.partners\/zh-hans\/privacy-policy\/"]}]},{"@type":"BreadcrumbList","@id":"https:\/\/bora.partners\/zh-hans\/privacy-policy\/#breadcrumb","itemListElement":[{"@type":"ListItem","position":1,"name":"Home","item":"https:\/\/bora.partners\/zh-hans\/"},{"@type":"ListItem","position":2,"name":"\u9690\u79c1\u653f\u7b56"}]},{"@type":"WebSite","@id":"https:\/\/bora.partners\/#website","url":"https:\/\/bora.partners\/","name":"Bora partners","description":"\u0160e eno spleti\u0161\u010de WordPress","publisher":{"@id":"https:\/\/bora.partners\/#organization"},"potentialAction":[{"@type":"SearchAction","target":{"@type":"EntryPoint","urlTemplate":"https:\/\/bora.partners\/?s={search_term_string}"},"query-input":"required name=search_term_string"}],"inLanguage":"zh-Hans"},{"@type":"Organization","@id":"https:\/\/bora.partners\/#organization","name":"Bora partners","url":"https:\/\/bora.partners\/","logo":{"@type":"ImageObject","inLanguage":"zh-Hans","@id":"https:\/\/bora.partners\/#\/schema\/logo\/image\/","url":"https:\/\/bora.partners\/wp-content\/uploads\/2022\/10\/BoraPartners_Preferred_Logo_Negative_RGB-1.png","contentUrl":"https:\/\/bora.partners\/wp-content\/uploads\/2022\/10\/BoraPartners_Preferred_Logo_Negative_RGB-1.png","width":242,"height":73,"caption":"Bora partners"},"image":{"@id":"https:\/\/bora.partners\/#\/schema\/logo\/image\/"}}]}},"_links":{"self":[{"href":"https:\/\/bora.partners\/zh-hans\/wp-json\/wp\/v2\/pages\/3598","targetHints":{"allow":["GET"]}}],"collection":[{"href":"https:\/\/bora.partners\/zh-hans\/wp-json\/wp\/v2\/pages"}],"about":[{"href":"https:\/\/bora.partners\/zh-hans\/wp-json\/wp\/v2\/types\/page"}],"author":[{"embeddable":true,"href":"https:\/\/bora.partners\/zh-hans\/wp-json\/wp\/v2\/users\/1"}],"replies":[{"embeddable":true,"href":"https:\/\/bora.partners\/zh-hans\/wp-json\/wp\/v2\/comments?post=3598"}],"version-history":[{"count":1,"href":"https:\/\/bora.partners\/zh-hans\/wp-json\/wp\/v2\/pages\/3598\/revisions"}],"predecessor-version":[{"id":4496,"href":"https:\/\/bora.partners\/zh-hans\/wp-json\/wp\/v2\/pages\/3598\/revisions\/4496"}],"wp:attachment":[{"href":"https:\/\/bora.partners\/zh-hans\/wp-json\/wp\/v2\/media?parent=3598"}],"curies":[{"name":"wp","href":"https:\/\/api.w.org\/{rel}","templated":true}]}}